{"id":163,"date":"2025-02-12T13:30:38","date_gmt":"2025-02-12T18:30:38","guid":{"rendered":"http:\/\/localhost\/ensalud\/?page_id=163"},"modified":"2025-04-24T19:28:16","modified_gmt":"2025-04-25T00:28:16","slug":"aliados","status":"publish","type":"page","link":"https:\/\/www.prueba.ensalud.com.co\/index.php\/aliados\/","title":{"rendered":"Aliados"},"content":{"rendered":"<p>[et_pb_section fb_built=&#8221;1&#8243; _builder_version=&#8221;4.16&#8243; global_colors_info=&#8221;{}&#8221; custom_padding=&#8221;|3px||||&#8221;][et_pb_row _builder_version=&#8221;4.16&#8243; background_size=&#8221;initial&#8221; background_position=&#8221;top_left&#8221; background_repeat=&#8221;repeat&#8221; custom_padding=&#8221;|0px||||&#8221; global_colors_info=&#8221;{}&#8221;][et_pb_column type=&#8221;4_4&#8243; _builder_version=&#8221;4.16&#8243; custom_padding=&#8221;|||&#8221; global_colors_info=&#8221;{}&#8221; custom_padding__hover=&#8221;|||&#8221;][et_pb_text _builder_version=&#8221;4.16&#8243; background_size=&#8221;initial&#8221; background_position=&#8221;top_left&#8221; background_repeat=&#8221;repeat&#8221; global_colors_info=&#8221;{}&#8221;]<!-- Contenido del banner --><\/p>\n<h1 style=\"font-size: 48px; font-weight: bold; color: white; text-shadow: 2px 2px 10px rgba(0, 0, 0, 0.7); text-align: center; margin: 0;\">ALIADOS<br \/>\n    <\/h1>\n<h1>Clientes<\/h1>\n<h4>Ensalud se caracteriza por ser uno de los grandes aliados para la prestaci\u00f3n de servicios especializados en salud.<br \/>estos son algunos de los clientes que han confiado en nuestra promesa de valor: <\/h4>\n<figure><img decoding=\"async\" src=\"https:\/\/www.ensalud.com.co\/wp-content\/uploads\/2025\/02\/avanzamos.png\" alt=\"avanzamos\" \/><\/figure>\n<figure><img decoding=\"async\" src=\"https:\/\/www.ensalud.com.co\/wp-content\/uploads\/2025\/02\/bugalagrande.png\" alt=\"bugalagrande\" \/><\/figure>\n<figure><img decoding=\"async\" src=\"https:\/\/www.ensalud.com.co\/wp-content\/uploads\/2025\/02\/cmp.png\" alt=\"cmp\" \/><\/figure>\n<figure><img decoding=\"async\" src=\"https:\/\/www.ensalud.com.co\/wp-content\/uploads\/2025\/02\/compensar.png\" alt=\"compensar\" \/><\/figure>\n<figure><img decoding=\"async\" src=\"https:\/\/www.ensalud.com.co\/wp-content\/uploads\/2025\/02\/emsanar.png\" alt=\"emsanar\" \/><\/figure>\n<figure><img decoding=\"async\" src=\"https:\/\/www.ensalud.com.co\/wp-content\/uploads\/2025\/02\/jose_rufino.png\" alt=\"jose_rufino\" \/><\/figure>\n<figure><img decoding=\"async\" src=\"https:\/\/www.ensalud.com.co\/wp-content\/uploads\/2025\/02\/previser.png\" alt=\"previser\" \/><\/figure>\n<figure><img decoding=\"async\" src=\"https:\/\/www.ensalud.com.co\/wp-content\/uploads\/2025\/02\/ruben-cruz.png\" alt=\"ruben cruz\" \/><\/figure>\n<figure><img decoding=\"async\" src=\"https:\/\/www.ensalud.com.co\/wp-content\/uploads\/2025\/02\/san-jose.png\" alt=\"san jose\" \/><\/figure>\n<figure><img decoding=\"async\" src=\"https:\/\/www.ensalud.com.co\/wp-content\/uploads\/2025\/02\/svf.png\" alt=\"svf\" \/><\/figure>\n<p>\t\t\t\t\t\t<svg aria-hidden=\"true\" viewBox=\"0 0 1000 1000\" xmlns=\"http:\/\/www.w3.org\/2000\/svg\"><path d=\"M646 125C629 125 613 133 604 142L308 442C296 454 292 471 292 487 292 504 296 521 308 533L604 854C617 867 629 875 646 875 663 875 679 871 692 858 704 846 713 829 713 812 713 796 708 779 692 767L438 487 692 225C700 217 708 204 708 187 708 171 704 154 692 142 675 129 663 125 646 125Z\"><\/path><\/svg><br \/>\n\t\t\t\t\t\t<svg aria-hidden=\"true\" viewBox=\"0 0 1000 1000\" xmlns=\"http:\/\/www.w3.org\/2000\/svg\"><path d=\"M696 533C708 521 713 504 713 487 713 471 708 454 696 446L400 146C388 133 375 125 354 125 338 125 325 129 313 142 300 154 292 171 292 187 292 204 296 221 308 233L563 492 304 771C292 783 288 800 288 817 288 833 296 850 308 863 321 871 338 875 354 875 371 875 388 867 400 854L696 533Z\"><\/path><\/svg>\t\t\t\t\t<\/p>\n<h1>\u00danete a Ensalud<\/h1>\n<h4>En Ensalud contamos con una amplia trayectoria en la prestaci\u00f3n de servicios especializados de salud.<br \/><strong>\u00bfQuieres ser parte de nosotros?<\/strong> Te brindamos asesor\u00eda para que seas parte de nuestros clientes y disfrutes de todos los beneficios.<br \/>Completa los campos a continuaci\u00f3n y un representante de ventas se comunicar\u00e1 contigo y te brindar\u00e1 la informaci\u00f3n de acuerdo con tu necesidad.<\/h4>\n<p>\t\t\t\t\t[contact-form-7 id=&#8221;ce23534&#8243; title=&#8221;Aliados&#8221;]<br \/>\n  <!-- Icono como cabecera --><br \/>\n    <img decoding=\"async\" src=\"http:\/\/www.ensalud.com.co\/wp-content\/uploads\/2025\/02\/ensaludblanco.png\" alt=\"Icono\" style=\"width: 150px; height: 50px;\"><br \/>\n  <!-- Leyenda con texto blanco --><br \/>\n    Estamos comprometidos con el cuidado del bien<br \/> m\u00e1s preciado, tu salud!<br \/>\n  <!-- T\u00edtulo --><br \/>\n    Enlaces de inter\u00e9s<br \/>\n  <!-- Enlaces --><\/p>\n<ul style=\"list-style: none; padding: 0;\">\n<li><a href=\"http:\/\/www.ensalud.com.co\/index.php\/politica\/\" style=\"color: white; text-decoration: none;\">Pol\u00edtica de Tratamiento de Datos Personales<\/a><\/li>\n<li><a href=\"http:\/\/www.ensalud.com.co\/index.php\/estados\/\" style=\"color: white; text-decoration: none;\">Estados Financieros<\/a><\/li>\n<li><a href=\"#\" style=\"color: white; text-decoration: none;\">Farmacovigilancia<\/a><\/li>\n<li><a href=\"#\" style=\"color: white; text-decoration: none;\">Portafolio de Servicios<\/a><\/li>\n<li><a href=\"https:\/\/desqubrapp.com.co\/denuncias\/responder_denuncias\/144\" style=\"color: white; text-decoration: none;\">Responder formulario de denuncias<\/a><\/li>\n<li><a href=\"https:\/\/desqubrapp.com.co\/consulta_denuncia\" style=\"color: white; text-decoration: none;\">Consultar Estado de las denuncias<\/a><\/li>\n<\/ul>\n<p>  <!-- T\u00edtulo --><br \/>\n    Contacto<br \/>\n  <!-- Enlaces --><\/p>\n<ul style=\"list-style: none; padding: 0;\">\n      <!-- Hiperv\u00ednculo de la sede principal --><\/p>\n<li><a href=\"https:\/\/www.google.com\/maps?q=Calle+5+%2339+-+50\" style=\"color: white; text-decoration: none;\">Sede principal: Calle 5 # 39 &#8211; 50<\/a><\/li>\n<p>      <!-- Tel\u00e9fono sin hiperv\u00ednculo --><\/p>\n<li style=\"color: white;\">Telf: (2) 3876270<\/li>\n<p>      <!-- Hiperv\u00ednculo de email que abre Outlook --><\/p>\n<li><a href=\"mailto:servicioalcliente@ensalud.com.co\" style=\"color: white; text-decoration: none;\">Email: servicioalcliente@ensalud.com.co<\/a><\/li>\n<\/ul>\n<p>Todos los derechos reservados, Ensalud\u00a9 2021<br \/>\n    Desarrollado por:<br \/>\n        <a href=\"https:\/\/jhamfgroup.net\/\" target=\"_blank\" style=\"text-decoration: none; color: #fff;\"><br \/>\n            Jhamf Group SAS<br \/>\n        <\/a>\n    <\/p>\n<p>[\/et_pb_text][\/et_pb_column][\/et_pb_row][\/et_pb_section]<\/p>\n","protected":false},"excerpt":{"rendered":"<p>ALIADOS Clientes Ensalud se caracteriza por ser uno de los grandes aliados para la prestaci\u00f3n de servicios especializados en salud.estos son algunos de los clientes que han confiado en nuestra promesa de valor: \u00danete a Ensalud En Ensalud contamos con una amplia trayectoria en la prestaci\u00f3n de servicios especializados de salud.\u00bfQuieres ser parte de nosotros? [&hellip;]<\/p>\n","protected":false},"author":1,"featured_media":0,"parent":0,"menu_order":0,"comment_status":"closed","ping_status":"closed","template":"","meta":{"_et_pb_use_builder":"on","_et_pb_old_content":"<!-- Contenido del banner -->\n    <h1 style=\"font-size: 48px; font-weight: bold; color: white; text-shadow: 2px 2px 10px rgba(0, 0, 0, 0.7); text-align: center; margin: 0;\">ALIADOS\n    <\/h1>\n\t\t\t\t\t<h1>Clientes<\/h1>\t\t\t\t\n\t\t\t\t\t<h4>Ensalud se caracteriza por ser uno de los grandes aliados para la prestaci\u00f3n de servicios especializados en salud.<br>estos son algunos de los clientes que han confiado en nuestra promesa de valor: <\/h4>\t\t\t\t\n\t\t\t\t\t\t\t\t<figure><img src=\"https:\/\/www.ensalud.com.co\/wp-content\/uploads\/2025\/02\/avanzamos.png\" alt=\"avanzamos\" \/><\/figure><figure><img src=\"https:\/\/www.ensalud.com.co\/wp-content\/uploads\/2025\/02\/bugalagrande.png\" alt=\"bugalagrande\" \/><\/figure><figure><img src=\"https:\/\/www.ensalud.com.co\/wp-content\/uploads\/2025\/02\/cmp.png\" alt=\"cmp\" \/><\/figure><figure><img src=\"https:\/\/www.ensalud.com.co\/wp-content\/uploads\/2025\/02\/compensar.png\" alt=\"compensar\" \/><\/figure><figure><img src=\"https:\/\/www.ensalud.com.co\/wp-content\/uploads\/2025\/02\/emsanar.png\" alt=\"emsanar\" \/><\/figure><figure><img src=\"https:\/\/www.ensalud.com.co\/wp-content\/uploads\/2025\/02\/jose_rufino.png\" alt=\"jose_rufino\" \/><\/figure><figure><img src=\"https:\/\/www.ensalud.com.co\/wp-content\/uploads\/2025\/02\/previser.png\" alt=\"previser\" \/><\/figure><figure><img src=\"https:\/\/www.ensalud.com.co\/wp-content\/uploads\/2025\/02\/ruben-cruz.png\" alt=\"ruben cruz\" \/><\/figure><figure><img src=\"https:\/\/www.ensalud.com.co\/wp-content\/uploads\/2025\/02\/san-jose.png\" alt=\"san jose\" \/><\/figure><figure><img src=\"https:\/\/www.ensalud.com.co\/wp-content\/uploads\/2025\/02\/svf.png\" alt=\"svf\" \/><\/figure>\t\t\t\n\t\t\t\t\t\t<svg aria-hidden=\"true\" viewBox=\"0 0 1000 1000\" xmlns=\"http:\/\/www.w3.org\/2000\/svg\"><path d=\"M646 125C629 125 613 133 604 142L308 442C296 454 292 471 292 487 292 504 296 521 308 533L604 854C617 867 629 875 646 875 663 875 679 871 692 858 704 846 713 829 713 812 713 796 708 779 692 767L438 487 692 225C700 217 708 204 708 187 708 171 704 154 692 142 675 129 663 125 646 125Z\"><\/path><\/svg>\t\t\t\t\t\n\t\t\t\t\t\t<svg aria-hidden=\"true\" viewBox=\"0 0 1000 1000\" xmlns=\"http:\/\/www.w3.org\/2000\/svg\"><path d=\"M696 533C708 521 713 504 713 487 713 471 708 454 696 446L400 146C388 133 375 125 354 125 338 125 325 129 313 142 300 154 292 171 292 187 292 204 296 221 308 233L563 492 304 771C292 783 288 800 288 817 288 833 296 850 308 863 321 871 338 875 354 875 371 875 388 867 400 854L696 533Z\"><\/path><\/svg>\t\t\t\t\t\n\t\t\t\t\t<h1>\u00danete a Ensalud<\/h1>\t\t\t\t\n\t\t\t\t\t<h4>En Ensalud contamos con una amplia trayectoria en la prestaci\u00f3n de servicios especializados de salud.<br><strong>\u00bfQuieres ser parte de nosotros?<\/strong> Te brindamos asesor\u00eda para que seas parte de nuestros clientes y disfrutes de todos los beneficios.<br>Completa los campos a continuaci\u00f3n y un representante de ventas se comunicar\u00e1 contigo y te brindar\u00e1 la informaci\u00f3n de acuerdo con tu necesidad.<\/h4>\t\t\t\t\n\t\t\t\t\t[contact-form-7 id=\"ce23534\" title=\"Aliados\"]\t\t\t\t\n  <!-- Icono como cabecera -->\n    <img src=\"http:\/\/www.ensalud.com.co\/wp-content\/uploads\/2025\/02\/ensaludblanco.png\" alt=\"Icono\" style=\"width: 150px; height: 50px;\">\n  <!-- Leyenda con texto blanco -->\n    Estamos comprometidos con el cuidado del bien<br \/> m\u00e1s preciado, tu salud!\n  <!-- T\u00edtulo -->\n    Enlaces de inter\u00e9s\n  <!-- Enlaces -->\n    <ul style=\"list-style: none; padding: 0;\">\n      <li><a href=\"http:\/\/www.ensalud.com.co\/index.php\/politica\/\" style=\"color: white; text-decoration: none;\">Pol\u00edtica de Tratamiento de Datos Personales<\/a><\/li>\n      <li><a href=\"http:\/\/www.ensalud.com.co\/index.php\/estados\/\" style=\"color: white; text-decoration: none;\">Estados Financieros<\/a><\/li>\n      <li><a href=\"#\" style=\"color: white; text-decoration: none;\">Farmacovigilancia<\/a><\/li>\n      <li><a href=\"#\" style=\"color: white; text-decoration: none;\">Portafolio de Servicios<\/a><\/li>\n      <li><a href=\"https:\/\/desqubrapp.com.co\/denuncias\/responder_denuncias\/144\" style=\"color: white; text-decoration: none;\">Responder formulario de denuncias<\/a><\/li>\n      <li><a href=\"https:\/\/desqubrapp.com.co\/consulta_denuncia\" style=\"color: white; text-decoration: none;\">Consultar Estado de las denuncias<\/a><\/li>\n    <\/ul>\n  <!-- T\u00edtulo -->\n    Contacto \n  <!-- Enlaces -->\n    <ul style=\"list-style: none; padding: 0;\">\n      <!-- Hiperv\u00ednculo de la sede principal -->\n      <li><a href=\"https:\/\/www.google.com\/maps?q=Calle+5+%2339+-+50\" style=\"color: white; text-decoration: none;\">Sede principal: Calle 5 # 39 - 50<\/a><\/li>\n      <!-- Tel\u00e9fono sin hiperv\u00ednculo -->\n      <li style=\"color: white;\">Telf: (2) 3876270<\/li>\n      <!-- Hiperv\u00ednculo de email que abre Outlook -->\n      <li><a href=\"mailto:servicioalcliente@ensalud.com.co\" style=\"color: white; text-decoration: none;\">Email: servicioalcliente@ensalud.com.co<\/a><\/li>\n    <\/ul>\n    <p>Todos los derechos reservados, Ensalud\u00a9 2021\n    Desarrollado por: \n        <a href=\"https:\/\/jhamfgroup.net\/\" target=\"_blank\" style=\"text-decoration: none; color: #fff;\">\n            Jhamf Group SAS\n        <\/a>\n    <\/p>","_et_gb_content_width":"1080","footnotes":""},"class_list":["post-163","page","type-page","status-publish","hentry"],"_links":{"self":[{"href":"https:\/\/www.prueba.ensalud.com.co\/index.php\/wp-json\/wp\/v2\/pages\/163","targetHints":{"allow":["GET"]}}],"collection":[{"href":"https:\/\/www.prueba.ensalud.com.co\/index.php\/wp-json\/wp\/v2\/pages"}],"about":[{"href":"https:\/\/www.prueba.ensalud.com.co\/index.php\/wp-json\/wp\/v2\/types\/page"}],"author":[{"embeddable":true,"href":"https:\/\/www.prueba.ensalud.com.co\/index.php\/wp-json\/wp\/v2\/users\/1"}],"replies":[{"embeddable":true,"href":"https:\/\/www.prueba.ensalud.com.co\/index.php\/wp-json\/wp\/v2\/comments?post=163"}],"version-history":[{"count":62,"href":"https:\/\/www.prueba.ensalud.com.co\/index.php\/wp-json\/wp\/v2\/pages\/163\/revisions"}],"predecessor-version":[{"id":2488,"href":"https:\/\/www.prueba.ensalud.com.co\/index.php\/wp-json\/wp\/v2\/pages\/163\/revisions\/2488"}],"wp:attachment":[{"href":"https:\/\/www.prueba.ensalud.com.co\/index.php\/wp-json\/wp\/v2\/media?parent=163"}],"curies":[{"name":"wp","href":"https:\/\/api.w.org\/{rel}","templated":true}]}}