{"id":167,"date":"2025-02-12T13:40:46","date_gmt":"2025-02-12T18:40:46","guid":{"rendered":"http:\/\/localhost\/ensalud\/?page_id=167"},"modified":"2025-04-24T19:18:08","modified_gmt":"2025-04-25T00:18:08","slug":"pqrs","status":"publish","type":"page","link":"https:\/\/www.prueba.ensalud.com.co\/index.php\/pqrs\/","title":{"rendered":"PQRS"},"content":{"rendered":"<h1>Procedimiento Atenci\u00f3n PQRSF<\/h1>\n<p>  <!-- Icono de medicamentos centrado --><br \/>\n     <!-- Icono de medicamentos --><br \/>\n  <!-- T\u00edtulo centrado --><br \/>\n    Radicaci\u00f3n de PQRSF<br \/>\n  <!-- Texto descriptivo alineado a la izquierda --><br \/>\n    Para la recepci\u00f3n de sus solicitudes, peticiones, quejas, reclamos, sugerencias y felicitaciones, IPS Ensalud tiene disponibles los siguientes canales de atenci\u00f3n:<br \/>\n    \u2022 En todos nuestros puntos de atenci\u00f3n fijos y m\u00f3viles contamos con buzones de sugerencias para la recepci\u00f3n de PQRSF.<br \/>\n    \u2022 Contamos con un chat de whatsapp al que puedes acceder a trav\u00e9s de nuestra p\u00e1gina web para la recepci\u00f3n y gesti\u00f3n de solicitudes de informaci\u00f3n general acerca de nuestros servicios.<br \/>\n    \u2022 A trav\u00e9s de nuestra p\u00e1gina web puedes radicar PQRSF de forma virtual.<br \/>\n  <!-- Icono de medicamentos centrado --><br \/>\n     <!-- Icono de medicamentos --><br \/>\n  <!-- T\u00edtulo centrado --><br \/>\n    Recepci\u00f3n de PQRSF<br \/>\n  <!-- Texto descriptivo alineado a la izquierda --><br \/>\nIPS Ensalud har\u00e1 recepci\u00f3n y gesti\u00f3n a los PQRSF radicados en los diferentes canales de atenci\u00f3n, en horarios c\u00f3modos y flexibles para nuestros clientes y usuarios<br \/>\n  <!-- Icono de medicamentos centrado --><br \/>\n     <!-- Icono de medicamentos --><br \/>\n  <!-- T\u00edtulo centrado --><br \/>\n    An\u00e1lisis de la solicitud<br \/>\n  <!-- Texto descriptivo alineado a la izquierda --><br \/>\nUna vez recibida la solicitud, el \u00e1rea encargada se dispone a realizar el an\u00e1lisis correspondiente de acuerdo con el tipo de solicitud radicada y con el contenido de esta.<br \/>\n  <!-- Icono de medicamentos centrado --><br \/>\n     <!-- Icono de medicamentos --><br \/>\n  <!-- T\u00edtulo centrado --><br \/>\n    Respuesta oportuna y acciones de mejora<br \/>\n  <!-- Texto descriptivo alineado a la izquierda --><br \/>\nPosterior al an\u00e1lisis, se procede a generar las respuestas a las solicitudes que lo requieran y as\u00ed mismo su ruta de comunicaci\u00f3n con el peticionario<br \/>\nAdicionalmente, el personal de servicio al cliente se encarga de establecer contacto con los procesos de la instituci\u00f3n para evaluar, proyectar y aplicar las acciones pertinentes que permitan mejorar la prestaci\u00f3n del servicio.<br \/>\n\t\t\t\t\t[contact-form-7 id=&#8221;1b90463&#8243; title=&#8221;PQRSF&#8221;]<br \/>\n  <!-- Icono como cabecera --><br \/>\n    <img decoding=\"async\" src=\"http:\/\/www.ensalud.com.co\/wp-content\/uploads\/2025\/02\/ensaludblanco.png\" alt=\"Icono\" style=\"width: 150px; height: 50px;\"><br \/>\n  <!-- Leyenda con texto blanco --><br \/>\n    Estamos comprometidos con el cuidado del bien<br \/> m\u00e1s preciado, tu salud!<br \/>\n  <!-- T\u00edtulo --><br \/>\n    Enlaces de inter\u00e9s<br \/>\n  <!-- Enlaces --><\/p>\n<ul style=\"list-style: none; padding: 0;\">\n<li><a href=\"http:\/\/www.ensalud.com.co\/index.php\/politica\/\" style=\"color: white; text-decoration: none;\">Pol\u00edtica de Tratamiento de Datos Personales<\/a><\/li>\n<li><a href=\"http:\/\/www.ensalud.com.co\/index.php\/estados\/\" style=\"color: white; text-decoration: none;\">Estados Financieros<\/a><\/li>\n<li><a href=\"#\" style=\"color: white; text-decoration: none;\">Farmacovigilancia<\/a><\/li>\n<li><a href=\"#\" style=\"color: white; text-decoration: none;\">Portafolio de Servicios<\/a><\/li>\n<li><a href=\"https:\/\/desqubrapp.com.co\/denuncias\/responder_denuncias\/144\" style=\"color: white; text-decoration: none;\">Responder formulario de denuncias<\/a><\/li>\n<li><a href=\"https:\/\/desqubrapp.com.co\/consulta_denuncia\" style=\"color: white; text-decoration: none;\">Consultar Estado de las denuncias<\/a><\/li>\n<\/ul>\n<p>  <!-- T\u00edtulo --><br \/>\n    Contacto<br \/>\n  <!-- Enlaces --><\/p>\n<ul style=\"list-style: none; padding: 0;\">\n      <!-- Hiperv\u00ednculo de la sede principal --><\/p>\n<li><a href=\"https:\/\/www.google.com\/maps?q=Calle+5+%2339+-+50\" style=\"color: white; text-decoration: none;\">Sede principal: Calle 5 # 39 &#8211; 50<\/a><\/li>\n<p>      <!-- Tel\u00e9fono sin hiperv\u00ednculo --><\/p>\n<li style=\"color: white;\">Telf: (2) 3876270<\/li>\n<p>      <!-- Hiperv\u00ednculo de email que abre Outlook --><\/p>\n<li><a href=\"mailto:servicioalcliente@ensalud.com.co\" style=\"color: white; text-decoration: none;\">Email: servicioalcliente@ensalud.com.co<\/a><\/li>\n<\/ul>\n<p>Todos los derechos reservados, Ensalud\u00a9 2021<br \/>\n    Desarrollado por:<br \/>\n        <a href=\"https:\/\/jhamfgroup.net\/\" target=\"_blank\" style=\"text-decoration: none; color: #fff;\"><br \/>\n            Jhamf Group SAS<br \/>\n        <\/a>\n    <\/p>\n","protected":false},"excerpt":{"rendered":"<p>Procedimiento Atenci\u00f3n PQRSF Radicaci\u00f3n de PQRSF Para la recepci\u00f3n de sus solicitudes, peticiones, quejas, reclamos, sugerencias y felicitaciones, IPS Ensalud tiene disponibles los siguientes canales de atenci\u00f3n: \u2022 En todos nuestros puntos de atenci\u00f3n fijos y m\u00f3viles contamos con buzones de sugerencias para la recepci\u00f3n de PQRSF. \u2022 Contamos con un chat de whatsapp al [&hellip;]<\/p>\n","protected":false},"author":1,"featured_media":0,"parent":0,"menu_order":0,"comment_status":"closed","ping_status":"closed","template":"","meta":{"_et_pb_use_builder":"","_et_pb_old_content":"","_et_gb_content_width":"1080","footnotes":""},"class_list":["post-167","page","type-page","status-publish","hentry"],"_links":{"self":[{"href":"https:\/\/www.prueba.ensalud.com.co\/index.php\/wp-json\/wp\/v2\/pages\/167","targetHints":{"allow":["GET"]}}],"collection":[{"href":"https:\/\/www.prueba.ensalud.com.co\/index.php\/wp-json\/wp\/v2\/pages"}],"about":[{"href":"https:\/\/www.prueba.ensalud.com.co\/index.php\/wp-json\/wp\/v2\/types\/page"}],"author":[{"embeddable":true,"href":"https:\/\/www.prueba.ensalud.com.co\/index.php\/wp-json\/wp\/v2\/users\/1"}],"replies":[{"embeddable":true,"href":"https:\/\/www.prueba.ensalud.com.co\/index.php\/wp-json\/wp\/v2\/comments?post=167"}],"version-history":[{"count":32,"href":"https:\/\/www.prueba.ensalud.com.co\/index.php\/wp-json\/wp\/v2\/pages\/167\/revisions"}],"predecessor-version":[{"id":2487,"href":"https:\/\/www.prueba.ensalud.com.co\/index.php\/wp-json\/wp\/v2\/pages\/167\/revisions\/2487"}],"wp:attachment":[{"href":"https:\/\/www.prueba.ensalud.com.co\/index.php\/wp-json\/wp\/v2\/media?parent=167"}],"curies":[{"name":"wp","href":"https:\/\/api.w.org\/{rel}","templated":true}]}}