{"id":169,"date":"2025-02-12T13:43:26","date_gmt":"2025-02-12T18:43:26","guid":{"rendered":"http:\/\/localhost\/ensalud\/?page_id=169"},"modified":"2025-03-18T14:21:24","modified_gmt":"2025-03-18T19:21:24","slug":"directorio-empresarial","status":"publish","type":"page","link":"https:\/\/www.prueba.ensalud.com.co\/index.php\/directorio-empresarial\/","title":{"rendered":"Directorio Empresarial"},"content":{"rendered":"<p>[et_pb_section fb_built=&#8221;1&#8243; theme_builder_area=&#8221;post_content&#8221; _builder_version=&#8221;4.27.4&#8243; _module_preset=&#8221;default&#8221; custom_padding=&#8221;20px||15px||false|false&#8221; hover_enabled=&#8221;0&#8243; sticky_enabled=&#8221;0&#8243;][et_pb_row _builder_version=&#8221;4.27.4&#8243; _module_preset=&#8221;default&#8221; theme_builder_area=&#8221;post_content&#8221;][et_pb_column _builder_version=&#8221;4.27.4&#8243; _module_preset=&#8221;default&#8221; type=&#8221;4_4&#8243; theme_builder_area=&#8221;post_content&#8221;][et_pb_text _builder_version=&#8221;4.27.4&#8243; _module_preset=&#8221;default&#8221; theme_builder_area=&#8221;post_content&#8221; hover_enabled=&#8221;0&#8243; sticky_enabled=&#8221;0&#8243; header_2_font=&#8221;|600|||||||&#8221; header_2_text_color=&#8221;#0D738C&#8221; header_2_text_align=&#8221;center&#8221;]<\/p>\n<div class=\"elementor-element elementor-element-d085788 elementor-widget elementor-widget-heading\" data-id=\"d085788\" data-element_type=\"widget\" data-widget_type=\"heading.default\">\n<div class=\"elementor-widget-container\">\n<h2 class=\"elementor-heading-title elementor-size-default\">Directorio Empresarial<\/h2>\n<\/div>\n<\/div>\n<section class=\"elementor-section elementor-inner-section elementor-element elementor-element-bcae541 elementor-section-boxed elementor-section-height-default elementor-section-height-default\" data-id=\"bcae541\" data-element_type=\"section\">\n<div class=\"elementor-container elementor-column-gap-default\">\n<div class=\"elementor-column elementor-col-100 elementor-inner-column elementor-element elementor-element-6678b21\" data-id=\"6678b21\" data-element_type=\"column\">\n<div class=\"elementor-widget-wrap elementor-element-populated\">\n<div class=\"elementor-element elementor-element-2cfa45e elementor-widget elementor-widget-text-editor\" data-id=\"2cfa45e\" data-element_type=\"widget\" data-widget_type=\"text-editor.default\">\n<div class=\"elementor-widget-container\"><\/div>\n<\/div>\n<\/div>\n<\/div>\n<\/div>\n<\/section>\n<p>[\/et_pb_text][et_pb_text _builder_version=&#8221;4.27.4&#8243; _module_preset=&#8221;default&#8221; theme_builder_area=&#8221;post_content&#8221; hover_enabled=&#8221;0&#8243; sticky_enabled=&#8221;0&#8243;]<\/p>\n<section class=\"elementor-section elementor-top-section elementor-element elementor-element-f0df4eb elementor-section-boxed elementor-section-height-default elementor-section-height-default\" data-id=\"f0df4eb\" data-element_type=\"section\">\n<div class=\"elementor-container elementor-column-gap-default\">\n<div class=\"elementor-column elementor-col-100 elementor-top-column elementor-element elementor-element-678a1b0\" data-id=\"678a1b0\" data-element_type=\"column\">\n<div class=\"elementor-widget-wrap elementor-element-populated\">\n<section class=\"elementor-section elementor-inner-section elementor-element elementor-element-bcae541 elementor-section-boxed elementor-section-height-default elementor-section-height-default\" data-id=\"bcae541\" data-element_type=\"section\">\n<div class=\"elementor-container elementor-column-gap-default\">\n<div class=\"elementor-column elementor-col-100 elementor-inner-column elementor-element elementor-element-6678b21\" data-id=\"6678b21\" data-element_type=\"column\">\n<div class=\"elementor-widget-wrap elementor-element-populated\">\n<div class=\"elementor-element elementor-element-2cfa45e elementor-widget elementor-widget-text-editor\" data-id=\"2cfa45e\" data-element_type=\"widget\" data-widget_type=\"text-editor.default\">\n<div class=\"elementor-widget-container\">\n<p>Bienvenido a nuestro directorio empresarial, no olvide contactarse con nuestra sede principal al (2) 387 6270 en la ciudad de Cali, Valle del Cauca.<\/p>\n<\/div>\n<\/div>\n<\/div>\n<\/div>\n<\/div>\n<\/section>\n<\/div>\n<\/div>\n<\/div>\n<\/section>\n<section class=\"elementor-section elementor-top-section elementor-element elementor-element-4969f9e elementor-section-boxed elementor-section-height-default elementor-section-height-default\" data-id=\"4969f9e\" data-element_type=\"section\">\n<div class=\"elementor-container elementor-column-gap-default\">\n<div class=\"elementor-column elementor-col-25 elementor-top-column elementor-element elementor-element-75f37f2\" data-id=\"75f37f2\" data-element_type=\"column\">\n<div class=\"elementor-widget-wrap elementor-element-populated\">\n<div class=\"elementor-element elementor-element-de0e496 elementor-widget elementor-widget-heading\" data-id=\"de0e496\" data-element_type=\"widget\" data-widget_type=\"heading.default\">\n<div class=\"elementor-widget-container\"><\/div>\n<\/div>\n<\/div>\n<\/div>\n<\/div>\n<\/section>\n<p>[\/et_pb_text][\/et_pb_column][\/et_pb_row][\/et_pb_section][et_pb_section fb_built=&#8221;1&#8243; theme_builder_area=&#8221;post_content&#8221; _builder_version=&#8221;4.27.4&#8243; _module_preset=&#8221;default&#8221; inner_shadow=&#8221;on&#8221; hover_enabled=&#8221;0&#8243; sticky_enabled=&#8221;0&#8243;][et_pb_row _builder_version=&#8221;4.27.4&#8243; _module_preset=&#8221;default&#8221; theme_builder_area=&#8221;post_content&#8221;][et_pb_column _builder_version=&#8221;4.27.4&#8243; _module_preset=&#8221;default&#8221; type=&#8221;4_4&#8243; theme_builder_area=&#8221;post_content&#8221;][\/et_pb_column][\/et_pb_row][\/et_pb_section][et_pb_section fb_built=&#8221;1&#8243; _builder_version=&#8221;4.27.4&#8243; _module_preset=&#8221;default&#8221; background_color=&#8221;#4DB1E2&#8243; custom_padding=&#8221;15px||15px||true|false&#8221; border_color_top=&#8221;#FFFFFF&#8221; global_colors_info=&#8221;{}&#8221; global_module=&#8221;2440&#8243; theme_builder_area=&#8221;post_content&#8221;][et_pb_row column_structure=&#8221;1_3,1_3,1_3&#8243; _builder_version=&#8221;4.27.4&#8243; _module_preset=&#8221;default&#8221; custom_padding=&#8221;||0px|||&#8221; global_colors_info=&#8221;{}&#8221; theme_builder_area=&#8221;post_content&#8221;][et_pb_column type=&#8221;1_3&#8243; _builder_version=&#8221;4.27.4&#8243; _module_preset=&#8221;default&#8221; global_colors_info=&#8221;{}&#8221; theme_builder_area=&#8221;post_content&#8221;][et_pb_image src=&#8221;https:\/\/www.prueba.ensalud.com.co\/wp-content\/uploads\/2025\/03\/ensalud_logo_footer.png&#8221; title_text=&#8221;ensalud_logo_footer&#8221; align=&#8221;center&#8221; _builder_version=&#8221;4.27.4&#8243; _module_preset=&#8221;default&#8221; width=&#8221;35%&#8221; module_alignment=&#8221;center&#8221; custom_margin=&#8221;||8px|||&#8221; global_colors_info=&#8221;{}&#8221; theme_builder_area=&#8221;post_content&#8221;][\/et_pb_image][et_pb_text _builder_version=&#8221;4.27.4&#8243; _module_preset=&#8221;default&#8221; text_font=&#8221;|300|||||||&#8221; text_text_color=&#8221;#FFFFFF&#8221; text_font_size=&#8221;15px&#8221; text_line_height=&#8221;1.3em&#8221; text_orientation=&#8221;center&#8221; global_colors_info=&#8221;{}&#8221; theme_builder_area=&#8221;post_content&#8221;]<\/p>\n<p><span>Estamos comprometidos con el cuidado del bien m\u00e1s preciado, tu salud.<\/span><\/p>\n<p>[\/et_pb_text][\/et_pb_column][et_pb_column type=&#8221;1_3&#8243; _builder_version=&#8221;4.27.4&#8243; _module_preset=&#8221;default&#8221; global_colors_info=&#8221;{}&#8221; theme_builder_area=&#8221;post_content&#8221;][et_pb_text _builder_version=&#8221;4.27.4&#8243; _module_preset=&#8221;default&#8221; text_font=&#8221;|300|||||||&#8221; text_text_color=&#8221;#FFFFFF&#8221; text_font_size=&#8221;15px&#8221; text_line_height=&#8221;1.3em&#8221; header_text_color=&#8221;#FFFFFF&#8221; header_2_font=&#8221;|600|||||||&#8221; header_2_font_size=&#8221;18px&#8221; header_4_font=&#8221;|600|||||||&#8221; header_4_text_align=&#8221;center&#8221; header_4_text_color=&#8221;#FFFFFF&#8221; text_orientation=&#8221;center&#8221; custom_margin=&#8221;6px||5px|||&#8221; global_colors_info=&#8221;{}&#8221; theme_builder_area=&#8221;post_content&#8221;]<\/p>\n<h4 class=\"elementor-heading-title elementor-size-default\">Enlaces de inter\u00e9s<\/h4>\n<p>[\/et_pb_text][et_pb_text _builder_version=&#8221;4.27.4&#8243; _module_preset=&#8221;default&#8221; text_font=&#8221;|300|||||||&#8221; text_text_color=&#8221;#FFFFFF&#8221; text_orientation=&#8221;center&#8221; global_colors_info=&#8221;{}&#8221; theme_builder_area=&#8221;post_content&#8221;]<\/p>\n<p><span class=\"elementor-icon-list-text\">Pol\u00edtica de tratamiento de datos personales<br \/><\/span><span class=\"elementor-icon-list-text\">Estados financieros<br \/><\/span><span class=\"elementor-icon-list-text\">Farmacovigilancia<br \/><\/span><span class=\"elementor-icon-list-text\">Portafolio de servicios<\/span><\/p>\n<p><span class=\"elementor-icon-list-text\"><br \/><\/span><span class=\"elementor-icon-list-text\"><\/span><\/p>\n<p>[\/et_pb_text][et_pb_text _builder_version=&#8221;4.27.4&#8243; _module_preset=&#8221;default&#8221; header_3_font=&#8221;|300|||||||&#8221; header_3_text_align=&#8221;center&#8221; header_3_text_color=&#8221;#FFFFFF&#8221; header_3_font_size=&#8221;13px&#8221; global_colors_info=&#8221;{}&#8221; theme_builder_area=&#8221;post_content&#8221;]<\/p>\n<h3 class=\"elementor-image-box-title\">Todos los derechos reservados, Ensalud \u00a9 2021<\/h3>\n<p>[\/et_pb_text][\/et_pb_column][et_pb_column type=&#8221;1_3&#8243; _builder_version=&#8221;4.27.4&#8243; _module_preset=&#8221;default&#8221; global_colors_info=&#8221;{}&#8221; theme_builder_area=&#8221;post_content&#8221;][et_pb_text _builder_version=&#8221;4.27.4&#8243; _module_preset=&#8221;default&#8221; text_font=&#8221;|300|||||||&#8221; text_text_color=&#8221;#FFFFFF&#8221; text_font_size=&#8221;15px&#8221; text_line_height=&#8221;1.3em&#8221; header_text_color=&#8221;#FFFFFF&#8221; header_2_font=&#8221;|600|||||||&#8221; header_2_font_size=&#8221;18px&#8221; header_4_font=&#8221;|600|||||||&#8221; header_4_text_align=&#8221;center&#8221; header_4_text_color=&#8221;#FFFFFF&#8221; text_orientation=&#8221;center&#8221; custom_margin=&#8221;6px||5px|||&#8221; global_colors_info=&#8221;{}&#8221; theme_builder_area=&#8221;post_content&#8221;]<\/p>\n<h4 class=\"elementor-heading-title elementor-size-default\">Contacto<\/h4>\n<p>[\/et_pb_text][et_pb_text _builder_version=&#8221;4.27.4&#8243; _module_preset=&#8221;default&#8221; text_font=&#8221;|300|||||||&#8221; text_text_color=&#8221;#FFFFFF&#8221; text_orientation=&#8221;center&#8221; global_colors_info=&#8221;{}&#8221; theme_builder_area=&#8221;post_content&#8221;]<\/p>\n<p><span class=\"elementor-icon-list-text\">Sede Principal: Calle 5 # 39 &#8211; 50<br \/><\/span><span class=\"elementor-icon-list-text\">(2) 387 6270<br \/><\/span>servicioalcliente@ensalud.com.co<\/p>\n<p><span class=\"elementor-icon-list-text\"><br \/><\/span><span class=\"elementor-icon-list-text\"><\/span><\/p>\n<p>[\/et_pb_text][\/et_pb_column][\/et_pb_row][\/et_pb_section]<\/p>\n","protected":false},"excerpt":{"rendered":"<p>Directorio Empresarial Bienvenido a nuestro directorio empresarial, no olvide contactarse con nuestra sede principal al (2) 387 6270 en la ciudad de Cali, Valle del Cauca. Estamos comprometidos con el cuidado del bien m\u00e1s preciado, tu salud.Enlaces de inter\u00e9sPol\u00edtica de tratamiento de datos personalesEstados financierosFarmacovigilanciaPortafolio de servicios Todos los derechos reservados, Ensalud \u00a9 2021ContactoSede Principal: [&hellip;]<\/p>\n","protected":false},"author":1,"featured_media":0,"parent":0,"menu_order":0,"comment_status":"closed","ping_status":"closed","template":"","meta":{"_et_pb_use_builder":"on","_et_pb_old_content":"<h1>Directorio Empresarial<\/h1>\t\t\t\t\n\t\t\t\t\t<h5>Bienvenido a nuestro directorio empresarial, no olvide contactarse con nuestra sede principal al (2)3876270 en la ciudad de Cali, Valle del cauca.<\/h5>\t\t\t\t\n\t\t\t\t\t[ninja_tables id=\"484\"]\t\t\t\t\n  <!-- Icono como cabecera -->\n    <img src=\"http:\/\/www.ensalud.com.co\/wp-content\/uploads\/2025\/02\/ensaludblanco.png\" alt=\"Icono\" style=\"width: 150px; height: 50px;\">\n  <!-- Leyenda con texto blanco -->\n    Estamos comprometidos con el cuidado del bien<br \/> m\u00e1s preciado, tu salud!\n  <!-- T\u00edtulo -->\n    Enlaces de inter\u00e9s\n  <!-- Enlaces -->\n    <ul style=\"list-style: none; padding: 0;\">\n      <li><a href=\"http:\/\/www.ensalud.com.co\/index.php\/politica\/\" style=\"color: white; text-decoration: none;\">Pol\u00edtica de Tratamiento de Datos Personales<\/a><\/li>\n      <li><a href=\"http:\/\/www.ensalud.com.co\/index.php\/estados\/\" style=\"color: white; text-decoration: none;\">Estados Financieros<\/a><\/li>\n      <li><a href=\"#\" style=\"color: white; text-decoration: none;\">Farmacovigilancia<\/a><\/li>\n      <li><a href=\"#\" style=\"color: white; text-decoration: none;\">Portafolio de Servicios<\/a><\/li>\n      <li><a href=\"https:\/\/desqubrapp.com.co\/denuncias\/responder_denuncias\/144\" style=\"color: white; text-decoration: none;\">Responder formulario de denuncias<\/a><\/li>\n      <li><a href=\"https:\/\/desqubrapp.com.co\/consulta_denuncia\" style=\"color: white; text-decoration: none;\">Consultar Estado de las denuncias<\/a><\/li>\n    <\/ul>\n  <!-- T\u00edtulo -->\n    Contacto \n  <!-- Enlaces -->\n    <ul style=\"list-style: none; padding: 0;\">\n      <!-- Hiperv\u00ednculo de la sede principal -->\n      <li><a href=\"https:\/\/www.google.com\/maps?q=Calle+5+%2339+-+50\" style=\"color: white; text-decoration: none;\">Sede principal: Calle 5 # 39 - 50<\/a><\/li>\n      <!-- Tel\u00e9fono sin hiperv\u00ednculo -->\n      <li style=\"color: white;\">Telf: (2) 3876270<\/li>\n      <!-- Hiperv\u00ednculo de email que abre Outlook -->\n      <li><a href=\"mailto:servicioalcliente@ensalud.com.co\" style=\"color: white; text-decoration: none;\">Email: servicioalcliente@ensalud.com.co<\/a><\/li>\n    <\/ul>\n    <p>Todos los derechos reservados, Ensalud\u00a9 2021\n    Desarrollado por: \n        <a href=\"https:\/\/jhamfgroup.net\/\" target=\"_blank\" style=\"text-decoration: none; color: #fff;\">\n            Jhamf Group SAS\n        <\/a>\n    <\/p>","_et_gb_content_width":"1080","footnotes":""},"class_list":["post-169","page","type-page","status-publish","hentry"],"_links":{"self":[{"href":"https:\/\/www.prueba.ensalud.com.co\/index.php\/wp-json\/wp\/v2\/pages\/169","targetHints":{"allow":["GET"]}}],"collection":[{"href":"https:\/\/www.prueba.ensalud.com.co\/index.php\/wp-json\/wp\/v2\/pages"}],"about":[{"href":"https:\/\/www.prueba.ensalud.com.co\/index.php\/wp-json\/wp\/v2\/types\/page"}],"author":[{"embeddable":true,"href":"https:\/\/www.prueba.ensalud.com.co\/index.php\/wp-json\/wp\/v2\/users\/1"}],"replies":[{"embeddable":true,"href":"https:\/\/www.prueba.ensalud.com.co\/index.php\/wp-json\/wp\/v2\/comments?post=169"}],"version-history":[{"count":51,"href":"https:\/\/www.prueba.ensalud.com.co\/index.php\/wp-json\/wp\/v2\/pages\/169\/revisions"}],"predecessor-version":[{"id":2450,"href":"https:\/\/www.prueba.ensalud.com.co\/index.php\/wp-json\/wp\/v2\/pages\/169\/revisions\/2450"}],"wp:attachment":[{"href":"https:\/\/www.prueba.ensalud.com.co\/index.php\/wp-json\/wp\/v2\/media?parent=169"}],"curies":[{"name":"wp","href":"https:\/\/api.w.org\/{rel}","templated":true}]}}