{"id":171,"date":"2025-02-12T13:44:10","date_gmt":"2025-02-12T18:44:10","guid":{"rendered":"http:\/\/localhost\/ensalud\/?page_id=171"},"modified":"2025-04-25T10:34:51","modified_gmt":"2025-04-25T15:34:51","slug":"dispensacion","status":"publish","type":"page","link":"https:\/\/www.prueba.ensalud.com.co\/index.php\/dispensacion\/","title":{"rendered":"Dispensaci\u00f3n de Medicamentos"},"content":{"rendered":"<p>[et_pb_section fb_built=&#8221;1&#8243; _builder_version=&#8221;4.27.4&#8243; _module_preset=&#8221;default&#8221; background_image=&#8221;https:\/\/www.prueba.ensalud.com.co\/wp-content\/uploads\/2025\/02\/Servicios_Dispensacion.png&#8221; custom_padding=&#8221;120px||120px||true|false&#8221; global_colors_info=&#8221;{}&#8221;][et_pb_row _builder_version=&#8221;4.27.4&#8243; _module_preset=&#8221;default&#8221; global_colors_info=&#8221;{}&#8221;][et_pb_column type=&#8221;4_4&#8243; _builder_version=&#8221;4.27.4&#8243; _module_preset=&#8221;default&#8221; global_colors_info=&#8221;{}&#8221;][et_pb_text _builder_version=&#8221;4.27.4&#8243; _module_preset=&#8221;default&#8221; header_2_font=&#8221;|700|||||||&#8221; header_2_text_align=&#8221;center&#8221; header_2_text_color=&#8221;#FFFFFF&#8221; header_2_font_size=&#8221;50px&#8221; global_colors_info=&#8221;{}&#8221;]<\/p>\n<h2 class=\"elementor-heading-title elementor-size-default\">DISPENSACI\u00d3N DE<br \/>MEDICAMENTOS<\/h2>\n<p>[\/et_pb_text][\/et_pb_column][\/et_pb_row][\/et_pb_section][et_pb_section fb_built=&#8221;1&#8243; _builder_version=&#8221;4.27.4&#8243; _module_preset=&#8221;default&#8221; global_colors_info=&#8221;{}&#8221;][et_pb_row column_structure=&#8221;1_6,1_6,1_6,1_6,1_6,1_6&#8243; _builder_version=&#8221;4.27.4&#8243; _module_preset=&#8221;default&#8221; global_colors_info=&#8221;{}&#8221;][et_pb_column type=&#8221;1_6&#8243; _builder_version=&#8221;4.27.4&#8243; _module_preset=&#8221;default&#8221; global_colors_info=&#8221;{}&#8221;][\/et_pb_column][et_pb_column type=&#8221;1_6&#8243; _builder_version=&#8221;4.27.4&#8243; _module_preset=&#8221;default&#8221; global_colors_info=&#8221;{}&#8221;][\/et_pb_column][et_pb_column type=&#8221;1_6&#8243; _builder_version=&#8221;4.27.4&#8243; _module_preset=&#8221;default&#8221; global_colors_info=&#8221;{}&#8221;][\/et_pb_column][et_pb_column type=&#8221;1_6&#8243; _builder_version=&#8221;4.27.4&#8243; _module_preset=&#8221;default&#8221; global_colors_info=&#8221;{}&#8221;][\/et_pb_column][et_pb_column type=&#8221;1_6&#8243; _builder_version=&#8221;4.27.4&#8243; _module_preset=&#8221;default&#8221; global_colors_info=&#8221;{}&#8221;][\/et_pb_column][et_pb_column type=&#8221;1_6&#8243; _builder_version=&#8221;4.27.4&#8243; _module_preset=&#8221;default&#8221; global_colors_info=&#8221;{}&#8221;][\/et_pb_column][\/et_pb_row][\/et_pb_section][et_pb_section fb_built=&#8221;1&#8243; _builder_version=&#8221;4.27.4&#8243; _module_preset=&#8221;default&#8221; global_colors_info=&#8221;{}&#8221;][et_pb_row _builder_version=&#8221;4.27.4&#8243; _module_preset=&#8221;default&#8221; custom_margin=&#8221;||0px||false|false&#8221; custom_padding=&#8221;||0px||false|false&#8221; global_colors_info=&#8221;{}&#8221;][et_pb_column type=&#8221;4_4&#8243; _builder_version=&#8221;4.27.4&#8243; _module_preset=&#8221;default&#8221; global_colors_info=&#8221;{}&#8221;][et_pb_text _builder_version=&#8221;4.27.4&#8243; _module_preset=&#8221;default&#8221; header_3_font=&#8221;|600|||||||&#8221; header_3_text_align=&#8221;center&#8221; header_3_text_color=&#8221;#0D738C&#8221; header_3_font_size=&#8221;25px&#8221; global_colors_info=&#8221;{}&#8221;]<\/p>\n<h3 class=\"elementor-heading-title elementor-size-default\">Puntos de dispensaci\u00f3n<\/h3>\n<p>[\/et_pb_text][et_pb_text _builder_version=&#8221;4.27.4&#8243; _module_preset=&#8221;default&#8221; text_text_color=&#8221;#0D738C&#8221; text_font_size=&#8221;15px&#8221; text_orientation=&#8221;center&#8221; global_colors_info=&#8221;{}&#8221;]<\/p>\n<p><span>Pensando en su bienestar Ensalud cuenta con 18 puntos de dispensaci\u00f3n en el Valle del Cauca para la entrega de medicamentos PBS y NO PBS.<\/span><\/p>\n<p>[\/et_pb_text][\/et_pb_column][\/et_pb_row][et_pb_row _builder_version=&#8221;4.27.4&#8243; _module_preset=&#8221;default&#8221; global_colors_info=&#8221;{}&#8221;][et_pb_column type=&#8221;4_4&#8243; _builder_version=&#8221;4.27.4&#8243; _module_preset=&#8221;default&#8221; global_colors_info=&#8221;{}&#8221;][et_pb_image src=&#8221;https:\/\/www.prueba.ensalud.com.co\/wp-content\/uploads\/2025\/02\/Valle-del-Cauca-mapa-Ensalud_2-1-1451&#215;1536-1.jpg&#8221; title_text=&#8221;Valle-del-Cauca-mapa-Ensalud_2-1-1451&#215;1536&#8243; _builder_version=&#8221;4.27.4&#8243; _module_preset=&#8221;default&#8221; global_colors_info=&#8221;{}&#8221;][\/et_pb_image][\/et_pb_column][\/et_pb_row][et_pb_row _builder_version=&#8221;4.27.4&#8243; _module_preset=&#8221;default&#8221; global_colors_info=&#8221;{}&#8221;][et_pb_column type=&#8221;4_4&#8243; _builder_version=&#8221;4.27.4&#8243; _module_preset=&#8221;default&#8221; global_colors_info=&#8221;{}&#8221;][et_pb_text _builder_version=&#8221;4.27.4&#8243; _module_preset=&#8221;default&#8221; header_4_font=&#8221;|600|||||||&#8221; header_4_text_align=&#8221;center&#8221; header_4_text_color=&#8221;#0D738C&#8221; global_colors_info=&#8221;{}&#8221;]<\/p>\n<h4><span>Por favor tenga en cuenta las siguientes recomendaciones:<\/span><\/h4>\n<p>[\/et_pb_text][\/et_pb_column][\/et_pb_row][et_pb_row _builder_version=&#8221;4.27.4&#8243; _module_preset=&#8221;default&#8221; column_structure=&#8221;1_3,1_3,1_3&#8243; hover_enabled=&#8221;0&#8243; sticky_enabled=&#8221;0&#8243;][et_pb_column _builder_version=&#8221;4.27.4&#8243; _module_preset=&#8221;default&#8221; type=&#8221;1_3&#8243;][et_pb_blurb title=&#8221;\u00bfQu\u00e9 se necesita para reclamar medicamentos?&#8221; _builder_version=&#8221;4.27.4&#8243; _module_preset=&#8221;default&#8221; header_font=&#8221;|600|||||||&#8221; header_text_color=&#8221;#0D738C&#8221; header_text_align=&#8221;center&#8221; body_font=&#8221;|300|||||||&#8221; body_font_size=&#8221;15px&#8221; body_text_color=&#8221;#0D738C&#8221; body_text_align=&#8221;justify&#8221; hover_enabled=&#8221;0&#8243; sticky_enabled=&#8221;0&#8243; use_icon=&#8221;on&#8221; font_icon=&#8221;&#xf484;||fa||900&#8243; icon_color=&#8221;#0D738C&#8221; image_icon_width=&#8221;70px&#8221; body_line_height=&#8221;1.2em&#8221;]<\/p>\n<p class=\"elementor-heading-title elementor-size-default\">Debes presentar f\u00f3rmula m\u00e9dica vigente y documento de identidad original. Recuerda tener presente la autorizaci\u00f3n o historia cl\u00ednica en los casos que se requiera.<\/p>\n<p>[\/et_pb_blurb][\/et_pb_column][et_pb_column _builder_version=&#8221;4.27.4&#8243; _module_preset=&#8221;default&#8221; type=&#8221;1_3&#8243;][et_pb_blurb title=&#8221;\u00bfCu\u00e1nto tiempo dispongo para reclamar medicamento?&#8221; _builder_version=&#8221;4.27.4&#8243; _module_preset=&#8221;default&#8221; header_font=&#8221;|600|||||||&#8221; header_text_color=&#8221;#0D738C&#8221; header_text_align=&#8221;center&#8221; body_font=&#8221;|300|||||||&#8221; body_font_size=&#8221;15px&#8221; body_text_color=&#8221;#0D738C&#8221; body_text_align=&#8221;justify&#8221; hover_enabled=&#8221;0&#8243; sticky_enabled=&#8221;0&#8243; use_icon=&#8221;on&#8221; font_icon=&#8221;&#xf1da;||fa||900&#8243; icon_color=&#8221;#0D738C&#8221; image_icon_width=&#8221;70px&#8221; body_line_height=&#8221;1.2em&#8221;]<\/p>\n<p class=\"elementor-heading-title elementor-size-default\">Recuerda que la f\u00f3rmula m\u00e9dica no debe exceder los 30 d\u00edas, para las f\u00f3rmulas de urgencias se maneja un control de 7 d\u00edas. En caso de que la f\u00f3rmula m\u00e9dica se encuentre vencida, te debes dirigir a la EPS para que sea formulada nuevamente o en otros casos, la EPS debe autorizar la entrega directamente.<\/p>\n<p>[\/et_pb_blurb][\/et_pb_column][et_pb_column _builder_version=&#8221;4.27.4&#8243; _module_preset=&#8221;default&#8221; type=&#8221;1_3&#8243;][et_pb_blurb title=&#8221;Para tener en cuenta:&#8221; _builder_version=&#8221;4.27.4&#8243; _module_preset=&#8221;default&#8221; header_font=&#8221;|600|||||||&#8221; header_text_color=&#8221;#0D738C&#8221; header_text_align=&#8221;center&#8221; body_font=&#8221;|300|||||||&#8221; body_font_size=&#8221;15px&#8221; body_text_color=&#8221;#0D738C&#8221; body_text_align=&#8221;justify&#8221; hover_enabled=&#8221;0&#8243; sticky_enabled=&#8221;0&#8243; use_icon=&#8221;on&#8221; font_icon=&#8221;&#xf164;||fa||900&#8243; icon_color=&#8221;#0D738C&#8221; image_icon_width=&#8221;70px&#8221; body_line_height=&#8221;1.2em&#8221;]<\/p>\n<p class=\"elementor-heading-title elementor-size-default\">Tenemos presencia en 18 municipios del Valle del Cauca, si deseas ampliar la informaci\u00f3n comun\u00edcate con las l\u00edneas de atenci\u00f3n que podr\u00e1s encontrar en el enlace \u201ccontacto\u201d. Recuerda contar con el tiempo suficiente para realizar tu tr\u00e1mite, y as\u00ed evitar demoras o inconvenientes en el proceso de dispensaci\u00f3n de los medicamentos o dispositivos m\u00e9dicos.<\/p>\n<p>[\/et_pb_blurb][\/et_pb_column][\/et_pb_row][et_pb_row _builder_version=&#8221;4.27.4&#8243; _module_preset=&#8221;default&#8221;][et_pb_column _builder_version=&#8221;4.27.4&#8243; _module_preset=&#8221;default&#8221; type=&#8221;4_4&#8243;][et_pb_icon _builder_version=&#8221;4.27.4&#8243; _module_preset=&#8221;default&#8221; font_icon=&#8221;&#xf0d1;||fa||900&#8243; hover_enabled=&#8221;0&#8243; sticky_enabled=&#8221;0&#8243; icon_color=&#8221;#0D738C&#8221; icon_width=&#8221;50px&#8221;][\/et_pb_icon][et_pb_text _builder_version=&#8221;4.27.4&#8243; _module_preset=&#8221;default&#8221; header_3_font=&#8221;|600|||||||&#8221; header_3_text_color=&#8221;#0D738C&#8221; header_3_text_align=&#8221;center&#8221; hover_enabled=&#8221;0&#8243; sticky_enabled=&#8221;0&#8243;]<\/p>\n<h3 class=\"elementor-heading-title elementor-size-default\">Dispensaci\u00f3n M\u00f3vil<\/h3>\n<p>[\/et_pb_text][et_pb_text _builder_version=&#8221;4.27.4&#8243; _module_preset=&#8221;default&#8221; text_font=&#8221;||||||||&#8221; text_font_size=&#8221;15px&#8221; text_text_color=&#8221;#0D738C&#8221; text_orientation=&#8221;center&#8221; hover_enabled=&#8221;0&#8243; sticky_enabled=&#8221;0&#8243;]<\/p>\n<p><span>Si resides en los municipios de Versalles, La Uni\u00f3n, La Victoria y Zarzal, y recibiste una f\u00f3rmula m\u00e9dica por parte de tu IPS, tenga en cuenta los siguientes pasos para reclamar sus medicamentos:<\/span><\/p>\n<p>[\/et_pb_text][\/et_pb_column][\/et_pb_row][et_pb_row _builder_version=&#8221;4.27.4&#8243; _module_preset=&#8221;default&#8221; column_structure=&#8221;1_3,1_3,1_3&#8243; hover_enabled=&#8221;0&#8243; sticky_enabled=&#8221;0&#8243;][et_pb_column _builder_version=&#8221;4.27.4&#8243; _module_preset=&#8221;default&#8221; type=&#8221;1_3&#8243;][et_pb_blurb _builder_version=&#8221;4.27.4&#8243; _module_preset=&#8221;default&#8221; use_icon=&#8221;on&#8221; font_icon=&#8221;&#xf232;||fa||400&#8243; icon_color=&#8221;#4ABDCF&#8221; image_icon_width=&#8221;70px&#8221; body_text_align=&#8221;justify&#8221; body_line_height=&#8221;1.2em&#8221; hover_enabled=&#8221;0&#8243; sticky_enabled=&#8221;0&#8243;]<\/p>\n<p class=\"elementor-heading-title elementor-size-default\">Env\u00ede la siguiente informaci\u00f3n n\u00famero de Whatsapp: (+57) 317 479 7332<\/p>\n<p>\u2022 Foto de la f\u00f3rmula m\u00e9dica<br \/>\u2022 Foto del documento de identidad<br \/>\u2022 N\u00famero de contacto<br \/>\u2022 Direcci\u00f3n\/ Municipio<\/p>\n<p>[\/et_pb_blurb][\/et_pb_column][et_pb_column _builder_version=&#8221;4.27.4&#8243; _module_preset=&#8221;default&#8221; type=&#8221;1_3&#8243;][et_pb_blurb _builder_version=&#8221;4.27.4&#8243; _module_preset=&#8221;default&#8221; use_icon=&#8221;on&#8221; font_icon=&#8221;&#xf017;||fa||400&#8243; icon_color=&#8221;#4ABDCF&#8221; image_icon_width=&#8221;70px&#8221; body_text_align=&#8221;justify&#8221; body_line_height=&#8221;1.2em&#8221; hover_enabled=&#8221;0&#8243; sticky_enabled=&#8221;0&#8243;]<\/p>\n<p class=\"elementor-heading-title elementor-size-default\">En un tiempo estimado de 48 horas, el punto de dispensaci\u00f3n se comunicar\u00e1 con usted para confirmar el lugar de entrega de los medicamentos.<\/p>\n<p>[\/et_pb_blurb][\/et_pb_column][et_pb_column _builder_version=&#8221;4.27.4&#8243; _module_preset=&#8221;default&#8221; type=&#8221;1_3&#8243;][et_pb_blurb _builder_version=&#8221;4.27.4&#8243; _module_preset=&#8221;default&#8221; use_icon=&#8221;on&#8221; font_icon=&#8221;&#xf232;||fa||400&#8243; icon_color=&#8221;#4ABDCF&#8221; image_icon_width=&#8221;70px&#8221; body_text_align=&#8221;justify&#8221; body_line_height=&#8221;1.2em&#8221; hover_enabled=&#8221;0&#8243; sticky_enabled=&#8221;0&#8243;]<\/p>\n<p class=\"elementor-heading-title elementor-size-default\">Al momento de reclamar los medicamentos tenga en cuenta que:<\/p>\n<p>\u2022 Debe presentar f\u00f3rmula m\u00e9dica original si es primera vez<br \/>\u2022 Debe presentar fotocopia de la f\u00f3rmula m\u00e9dica si pertenece a un programa.<\/p>\n<p>[\/et_pb_blurb][\/et_pb_column][\/et_pb_row][\/et_pb_section][et_pb_section fb_built=&#8221;1&#8243; _builder_version=&#8221;4.27.4&#8243; _module_preset=&#8221;default&#8221; background_color=&#8221;#4DB1E2&#8243; custom_padding=&#8221;15px||15px||true|false&#8221; border_color_top=&#8221;#FFFFFF&#8221; global_colors_info=&#8221;{}&#8221; global_module=&#8221;2440&#8243; theme_builder_area=&#8221;post_content&#8221;][et_pb_row column_structure=&#8221;1_3,1_3,1_3&#8243; _builder_version=&#8221;4.27.4&#8243; _module_preset=&#8221;default&#8221; custom_padding=&#8221;||0px|||&#8221; global_colors_info=&#8221;{}&#8221; theme_builder_area=&#8221;post_content&#8221;][et_pb_column type=&#8221;1_3&#8243; _builder_version=&#8221;4.27.4&#8243; _module_preset=&#8221;default&#8221; global_colors_info=&#8221;{}&#8221; theme_builder_area=&#8221;post_content&#8221;][et_pb_image src=&#8221;https:\/\/www.prueba.ensalud.com.co\/wp-content\/uploads\/2025\/03\/ensalud_logo_footer.png&#8221; title_text=&#8221;ensalud_logo_footer&#8221; align=&#8221;center&#8221; _builder_version=&#8221;4.27.4&#8243; _module_preset=&#8221;default&#8221; width=&#8221;35%&#8221; module_alignment=&#8221;center&#8221; custom_margin=&#8221;||8px|||&#8221; global_colors_info=&#8221;{}&#8221; theme_builder_area=&#8221;post_content&#8221;][\/et_pb_image][et_pb_text _builder_version=&#8221;4.27.4&#8243; _module_preset=&#8221;default&#8221; text_font=&#8221;|300|||||||&#8221; text_text_color=&#8221;#FFFFFF&#8221; text_font_size=&#8221;15px&#8221; text_line_height=&#8221;1.3em&#8221; text_orientation=&#8221;center&#8221; global_colors_info=&#8221;{}&#8221; theme_builder_area=&#8221;post_content&#8221;]<\/p>\n<p><span>Estamos comprometidos con el cuidado del bien m\u00e1s preciado, tu salud.<\/span><\/p>\n<p>[\/et_pb_text][\/et_pb_column][et_pb_column type=&#8221;1_3&#8243; _builder_version=&#8221;4.27.4&#8243; _module_preset=&#8221;default&#8221; global_colors_info=&#8221;{}&#8221; theme_builder_area=&#8221;post_content&#8221;][et_pb_text _builder_version=&#8221;4.27.4&#8243; _module_preset=&#8221;default&#8221; text_font=&#8221;|300|||||||&#8221; text_text_color=&#8221;#FFFFFF&#8221; text_font_size=&#8221;15px&#8221; text_line_height=&#8221;1.3em&#8221; header_text_color=&#8221;#FFFFFF&#8221; header_2_font=&#8221;|600|||||||&#8221; header_2_font_size=&#8221;18px&#8221; header_4_font=&#8221;|600|||||||&#8221; header_4_text_align=&#8221;center&#8221; header_4_text_color=&#8221;#FFFFFF&#8221; text_orientation=&#8221;center&#8221; custom_margin=&#8221;6px||5px|||&#8221; global_colors_info=&#8221;{}&#8221; theme_builder_area=&#8221;post_content&#8221;]<\/p>\n<h4 class=\"elementor-heading-title elementor-size-default\">Enlaces de inter\u00e9s<\/h4>\n<p>[\/et_pb_text][et_pb_text _builder_version=&#8221;4.27.4&#8243; _module_preset=&#8221;default&#8221; text_font=&#8221;|300|||||||&#8221; text_text_color=&#8221;#FFFFFF&#8221; text_orientation=&#8221;center&#8221; global_colors_info=&#8221;{}&#8221; theme_builder_area=&#8221;post_content&#8221;]<\/p>\n<p><span class=\"elementor-icon-list-text\">Pol\u00edtica de tratamiento de datos personales<br \/><\/span><span class=\"elementor-icon-list-text\">Estados financieros<br \/><\/span><span class=\"elementor-icon-list-text\">Farmacovigilancia<br \/><\/span><span class=\"elementor-icon-list-text\">Portafolio de servicios<\/span><\/p>\n<p><span class=\"elementor-icon-list-text\"><br \/><\/span><span class=\"elementor-icon-list-text\"><\/span><\/p>\n<p>[\/et_pb_text][et_pb_text _builder_version=&#8221;4.27.4&#8243; _module_preset=&#8221;default&#8221; header_3_font=&#8221;|300|||||||&#8221; header_3_text_align=&#8221;center&#8221; header_3_text_color=&#8221;#FFFFFF&#8221; header_3_font_size=&#8221;13px&#8221; global_colors_info=&#8221;{}&#8221; theme_builder_area=&#8221;post_content&#8221;]<\/p>\n<h3 class=\"elementor-image-box-title\">Todos los derechos reservados, Ensalud \u00a9 2021<\/h3>\n<p>[\/et_pb_text][\/et_pb_column][et_pb_column type=&#8221;1_3&#8243; _builder_version=&#8221;4.27.4&#8243; _module_preset=&#8221;default&#8221; global_colors_info=&#8221;{}&#8221; theme_builder_area=&#8221;post_content&#8221;][et_pb_text _builder_version=&#8221;4.27.4&#8243; _module_preset=&#8221;default&#8221; text_font=&#8221;|300|||||||&#8221; text_text_color=&#8221;#FFFFFF&#8221; text_font_size=&#8221;15px&#8221; text_line_height=&#8221;1.3em&#8221; header_text_color=&#8221;#FFFFFF&#8221; header_2_font=&#8221;|600|||||||&#8221; header_2_font_size=&#8221;18px&#8221; header_4_font=&#8221;|600|||||||&#8221; header_4_text_align=&#8221;center&#8221; header_4_text_color=&#8221;#FFFFFF&#8221; text_orientation=&#8221;center&#8221; custom_margin=&#8221;6px||5px|||&#8221; global_colors_info=&#8221;{}&#8221; theme_builder_area=&#8221;post_content&#8221;]<\/p>\n<h4 class=\"elementor-heading-title elementor-size-default\">Contacto<\/h4>\n<p>[\/et_pb_text][et_pb_text _builder_version=&#8221;4.27.4&#8243; _module_preset=&#8221;default&#8221; text_font=&#8221;|300|||||||&#8221; text_text_color=&#8221;#FFFFFF&#8221; text_orientation=&#8221;center&#8221; global_colors_info=&#8221;{}&#8221; theme_builder_area=&#8221;post_content&#8221;]<\/p>\n<p><span class=\"elementor-icon-list-text\">Sede Principal: Calle 5 # 39 &#8211; 50<br \/><\/span><span class=\"elementor-icon-list-text\">(2) 387 6270<br \/><\/span>servicioalcliente@ensalud.com.co<\/p>\n<p><span class=\"elementor-icon-list-text\"><br \/><\/span><span class=\"elementor-icon-list-text\"><\/span><\/p>\n<p>[\/et_pb_text][\/et_pb_column][\/et_pb_row][\/et_pb_section]<\/p>\n","protected":false},"excerpt":{"rendered":"<p>DISPENSACI\u00d3N DEMEDICAMENTOSPuntos de dispensaci\u00f3nPensando en su bienestar Ensalud cuenta con 18 puntos de dispensaci\u00f3n en el Valle del Cauca para la entrega de medicamentos PBS y NO PBS.Por favor tenga en cuenta las siguientes recomendaciones:Debes presentar f\u00f3rmula m\u00e9dica vigente y documento de identidad original. Recuerda tener presente la autorizaci\u00f3n o historia cl\u00ednica en los casos [&hellip;]<\/p>\n","protected":false},"author":1,"featured_media":0,"parent":0,"menu_order":0,"comment_status":"closed","ping_status":"closed","template":"","meta":{"_et_pb_use_builder":"on","_et_pb_old_content":"<!-- Contenido del banner -->\n    <h1 style=\"font-size: 48px; font-weight: bold; color: white; text-shadow: 2px 2px 10px rgba(0, 0, 0, 0.7); margin: 0; line-height: 1.2;\">\n        DISPENSACI\u00d3N DE <br\/>MEDICAMENTOS\n    <\/h1>\n  <!-- Icono de medicamentos -->\n     <!-- Icono de medicamentos -->\n  <!-- Texto -->\n    Medicamentos\nPBS y no PBS\n  <!-- Icono de medicamentos -->\n     <!-- Icono de medicamentos -->\n  <!-- Texto -->\n    Amplia red de puntos en el Valle del Cauca\n  <!-- Icono de medicamentos -->\n     <!-- Icono de medicamentos -->\n  <!-- Texto -->\n    Atenci\u00f3n con lenguaje sencillo y cercano\n  <!-- Icono de medicamentos -->\n     <!-- Icono de medicamentos -->\n  <!-- Texto -->\n    Generamos confianza y seguridad\n  <!-- Icono de medicamentos -->\n     <!-- Icono de medicamentos -->\n  <!-- Texto -->\n    Cumplimiento de la normativa vigente\n  <!-- Icono de medicamentos -->\n     <!-- Icono de medicamentos -->\n  <!-- Texto -->\n   Software especializado en dispensaci\u00f3n\n  <!-- Icono de medicamentos -->\n     <!-- Icono de medicamentos -->\n  <!-- Texto -->\n   Dispensaci\u00f3n\nm\u00f3vil\n  <!-- Contenedor para la leyenda y el bot\u00f3n -->\n    <!-- Leyenda -->\n    <p style=\"font-size: 36px; font-weight: bold; color: white; margin: 0;\">\n     Puntos de dispensaci\u00f3n\n    <\/p>\n  <!-- Contenedor para el texto -->\n    <!-- Texto -->\n    <p style=\"font-size: 24px; color: #787F82; margin: 0;\">\n      Pensando en su bienestar, Ensalud cuenta con 18 puntos de dispensaci\u00f3n en el Valle del Cauca para la entrega de medicamentos PBS y NO PBS.\n    <\/p>\n\t\t\t\t\t[drawattention]\t\t\t\t\n  <!-- Contenedor para el texto -->\n    <!-- Texto -->\n    <p style=\"font-size: 24px; color: #787F82; margin: 0;\">\n      Por favor tenga en cuenta las siguientes recomendaciones:\n    <\/p>\n  <!-- Icono de medicamentos -->\n     <!-- Icono de medicamentos -->\n  <!-- T\u00edtulo entre el icono y el texto con el mismo color que el texto -->\n    \u00bfQu\u00e9 se necesita para reclamar medicamentos?\n  <!-- Texto -->\n    Debes presentar f\u00f3rmula m\u00e9dica vigente y documento de identidad original. Recuerda tener presente la autorizaci\u00f3n o historia cl\u00ednica en los casos que se requiera.\n  <!-- Icono de medicamentos -->\n     <!-- Icono de medicamentos -->\n  <!-- T\u00edtulo entre el icono y el texto con el mismo color que el texto -->\n    \u00bfCu\u00e1nto tiempo dispongo para reclamar medicamento?\n  <!-- Texto -->\n    Recuerda que la f\u00f3rmula m\u00e9dica no debe exceder los 30 d\u00edas, para las f\u00f3rmulas de urgencias se maneja un control de 7 d\u00edas. En caso de que la f\u00f3rmula m\u00e9dica se encuentre vencida, te debes dirigir a la EPS para que sea formulada nuevamente o en otros casos, la EPS debe autorizar la entrega directamente.\n  <!-- Icono de medicamentos -->\n     <!-- Icono de medicamentos -->\n  <!-- T\u00edtulo entre el icono y el texto con el mismo color que el texto -->\n    Para tener en cuenta:\n  <!-- Texto -->\n    Tenemos presencia en 18 municipios del Valle del Cauca, si deseas ampliar la informaci\u00f3n comun\u00edcate con las l\u00edneas de atenci\u00f3n que podr\u00e1s encontrar en el enlace \u201ccontacto\u201d. Recuerda contar con el tiempo suficiente para realizar tu tr\u00e1mite, y as\u00ed evitar demoras o inconvenientes en el proceso de dispensaci\u00f3n de los medicamentos o dispositivos m\u00e9dicos.\n  <!-- Icono de medicamentos -->\n     <!-- Icono de medicamentos -->\n  <!-- T\u00edtulo entre el icono y el texto con el mismo color que el texto -->\n    Dispensaci\u00f3n M\u00f3vil\n  <!-- Texto -->\n    Si resides en los municipios de Versalles, La Uni\u00f3n, La Victoria y Zarzal, y recibiste una f\u00f3rmula m\u00e9dica por parte de tu IPS, tenga en cuenta los siguientes pasos para reclamar sus medicamentos:\n  <!-- Icono de medicamentos -->\n     <!-- Icono de medicamentos -->\n  <!-- Texto -->\n    Env\u00ede la siguiente informaci\u00f3n n\u00famero de<br \/> Whatsapp: (+57) 317 479 7332<br \/>\n\u2022 Foto de la f\u00f3rmula m\u00e9dica<br \/>\n\u2022 Foto del documento de identidad<br \/>\n\u2022 N\u00famero de contacto<br \/>\n\u2022 Direcci\u00f3n\/ Municipio\n  <!-- Icono de medicamentos -->\n     <!-- Icono de medicamentos -->\n  <!-- Texto -->\n    En un tiempo estimado de 48 horas, el punto de dispensaci\u00f3n se comunicar\u00e1 con usted para confirmar el lugar de entrega de los medicamentos.\n  <!-- Icono de medicamentos -->\n     <!-- Icono de medicamentos -->\n  <!-- Texto -->\n    Al momento de reclamar los medicamentos tenga en cuenta que:<br \/>\n\u2022 Debe presentar f\u00f3rmula m\u00e9dica original si es primera vez<br \/>\n\u2022 Debe presentar fotocopia de la f\u00f3rmula m\u00e9dica si pertenece a un programa.\n  <!-- Icono como cabecera -->\n    <img src=\"http:\/\/www.ensalud.com.co\/wp-content\/uploads\/2025\/02\/ensaludblanco.png\" alt=\"Icono\" style=\"width: 150px; height: 50px;\">\n  <!-- Leyenda con texto blanco -->\n    Estamos comprometidos con el cuidado del bien<br \/> m\u00e1s preciado, tu salud!\n  <!-- T\u00edtulo -->\n    Enlaces de inter\u00e9s\n  <!-- Enlaces -->\n    <ul style=\"list-style: none; padding: 0;\">\n      <li><a href=\"http:\/\/www.ensalud.com.co\/index.php\/politica\/\" style=\"color: white; text-decoration: none;\">Pol\u00edtica de Tratamiento de Datos Personales<\/a><\/li>\n      <li><a href=\"http:\/\/www.ensalud.com.co\/index.php\/estados\/\" style=\"color: white; text-decoration: none;\">Estados Financieros<\/a><\/li>\n      <li><a href=\"#\" style=\"color: white; text-decoration: none;\">Farmacovigilancia<\/a><\/li>\n      <li><a href=\"#\" style=\"color: white; text-decoration: none;\">Portafolio de Servicios<\/a><\/li>\n      <li><a href=\"https:\/\/desqubrapp.com.co\/denuncias\/responder_denuncias\/144\" style=\"color: white; text-decoration: none;\">Responder formulario de denuncias<\/a><\/li>\n      <li><a href=\"https:\/\/desqubrapp.com.co\/consulta_denuncia\" style=\"color: white; text-decoration: none;\">Consultar Estado de las denuncias<\/a><\/li>\n    <\/ul>\n  <!-- T\u00edtulo -->\n    Contacto \n  <!-- Enlaces -->\n    <ul style=\"list-style: none; padding: 0;\">\n      <!-- Hiperv\u00ednculo de la sede principal -->\n      <li><a href=\"https:\/\/www.google.com\/maps?q=Calle+5+%2339+-+50\" style=\"color: white; text-decoration: none;\">Sede principal: Calle 5 # 39 - 50<\/a><\/li>\n      <!-- Tel\u00e9fono sin hiperv\u00ednculo -->\n      <li style=\"color: white;\">Telf: (2) 3876270<\/li>\n      <!-- Hiperv\u00ednculo de email que abre Outlook -->\n      <li><a href=\"mailto:servicioalcliente@ensalud.com.co\" style=\"color: white; text-decoration: none;\">Email: servicioalcliente@ensalud.com.co<\/a><\/li>\n    <\/ul>\n    <p>Todos los derechos reservados, Ensalud\u00a9 2021\n    Desarrollado por: \n        <a href=\"https:\/\/jhamfgroup.net\/\" target=\"_blank\" style=\"text-decoration: none; color: #fff;\">\n            Jhamf Group SAS\n        <\/a>\n    <\/p>","_et_gb_content_width":"1080","footnotes":""},"class_list":["post-171","page","type-page","status-publish","hentry"],"_links":{"self":[{"href":"https:\/\/www.prueba.ensalud.com.co\/index.php\/wp-json\/wp\/v2\/pages\/171","targetHints":{"allow":["GET"]}}],"collection":[{"href":"https:\/\/www.prueba.ensalud.com.co\/index.php\/wp-json\/wp\/v2\/pages"}],"about":[{"href":"https:\/\/www.prueba.ensalud.com.co\/index.php\/wp-json\/wp\/v2\/types\/page"}],"author":[{"embeddable":true,"href":"https:\/\/www.prueba.ensalud.com.co\/index.php\/wp-json\/wp\/v2\/users\/1"}],"replies":[{"embeddable":true,"href":"https:\/\/www.prueba.ensalud.com.co\/index.php\/wp-json\/wp\/v2\/comments?post=171"}],"version-history":[{"count":88,"href":"https:\/\/www.prueba.ensalud.com.co\/index.php\/wp-json\/wp\/v2\/pages\/171\/revisions"}],"predecessor-version":[{"id":2495,"href":"https:\/\/www.prueba.ensalud.com.co\/index.php\/wp-json\/wp\/v2\/pages\/171\/revisions\/2495"}],"wp:attachment":[{"href":"https:\/\/www.prueba.ensalud.com.co\/index.php\/wp-json\/wp\/v2\/media?parent=171"}],"curies":[{"name":"wp","href":"https:\/\/api.w.org\/{rel}","templated":true}]}}