{"id":175,"date":"2025-02-12T13:46:36","date_gmt":"2025-02-12T18:46:36","guid":{"rendered":"http:\/\/localhost\/ensalud\/?page_id=175"},"modified":"2025-04-25T09:41:35","modified_gmt":"2025-04-25T14:41:35","slug":"deteccion-de-cancer-de-mama-y-cervix","status":"publish","type":"page","link":"https:\/\/www.prueba.ensalud.com.co\/index.php\/deteccion-de-cancer-de-mama-y-cervix\/","title":{"rendered":"Detecci\u00f3n de c\u00e1ncer de mama y c\u00e9rvix"},"content":{"rendered":"<p>[et_pb_section fb_built=&#8221;1&#8243; _builder_version=&#8221;4.27.4&#8243; _module_preset=&#8221;default&#8221; background_image=&#8221;https:\/\/www.prueba.ensalud.com.co\/wp-content\/uploads\/2025\/04\/Banner-Deteccion-Cancer-Ensalud.png&#8221; custom_padding=&#8221;120px||120px||true|false&#8221; global_colors_info=&#8221;{}&#8221;][et_pb_row _builder_version=&#8221;4.27.4&#8243; _module_preset=&#8221;default&#8221; global_colors_info=&#8221;{}&#8221;][et_pb_column type=&#8221;4_4&#8243; _builder_version=&#8221;4.27.4&#8243; _module_preset=&#8221;default&#8221; global_colors_info=&#8221;{}&#8221;][et_pb_text _builder_version=&#8221;4.27.4&#8243; _module_preset=&#8221;default&#8221; header_2_font=&#8221;|700|||||||&#8221; header_2_text_align=&#8221;center&#8221; header_2_text_color=&#8221;#FFFFFF&#8221; header_2_font_size=&#8221;50px&#8221; global_colors_info=&#8221;{}&#8221;]<\/p>\n<h2 class=\"elementor-heading-title elementor-size-default\">PROGRAMA DE DETECCI\u00d3N<br \/>TEMPRANA DE C\u00c1NCER DE MAMA<\/h2>\n<p>[\/et_pb_text][\/et_pb_column][\/et_pb_row][\/et_pb_section][et_pb_section fb_built=&#8221;1&#8243; _builder_version=&#8221;4.27.4&#8243; _module_preset=&#8221;default&#8221; global_colors_info=&#8221;{}&#8221;][et_pb_row _builder_version=&#8221;4.27.4&#8243; _module_preset=&#8221;default&#8221; global_colors_info=&#8221;{}&#8221;][et_pb_column type=&#8221;4_4&#8243; _builder_version=&#8221;4.27.4&#8243; _module_preset=&#8221;default&#8221; global_colors_info=&#8221;{}&#8221;][et_pb_image src=&#8221;https:\/\/www.prueba.ensalud.com.co\/wp-content\/uploads\/2025\/04\/toquemonos-1.png&#8221; title_text=&#8221;toquemonos-1&#8243; align=&#8221;center&#8221; _builder_version=&#8221;4.27.4&#8243; _module_preset=&#8221;default&#8221; width=&#8221;24%&#8221; module_alignment=&#8221;center&#8221; global_colors_info=&#8221;{}&#8221;][\/et_pb_image][et_pb_text _builder_version=&#8221;4.27.4&#8243; _module_preset=&#8221;default&#8221; header_2_font=&#8221;|700|||||||&#8221; header_2_text_align=&#8221;center&#8221; header_2_text_color=&#8221;#4DB1E2&#8243; global_colors_info=&#8221;{}&#8221;]<\/p>\n<h2 class=\"elementor-heading-title elementor-size-default\">Toqu\u00e9monos: La detecci\u00f3n temprana est\u00e1 en tus manos<\/h2>\n<p>[\/et_pb_text][et_pb_text _builder_version=&#8221;4.27.4&#8243; _module_preset=&#8221;default&#8221; text_font=&#8221;|300|||||||&#8221; text_font_size=&#8221;18px&#8221; text_orientation=&#8221;center&#8221; global_colors_info=&#8221;{}&#8221;]<\/p>\n<p>En Ensalud hemos desarrollado el programa de detecci\u00f3n temprana de c\u00e1ncer de mama Toqu\u00e9monos, que ayuda a mujeres y hombres a descubrir una posible enfermedad antes de que empiecen los s\u00edntomas.<\/p>\n<p>Una detecci\u00f3n a tiempo salva vidas.<\/p>\n<p>[\/et_pb_text][\/et_pb_column][\/et_pb_row][et_pb_row _builder_version=&#8221;4.27.4&#8243; _module_preset=&#8221;default&#8221; custom_padding=&#8221;||33px|||&#8221; global_colors_info=&#8221;{}&#8221;][et_pb_column type=&#8221;4_4&#8243; _builder_version=&#8221;4.27.4&#8243; _module_preset=&#8221;default&#8221; global_colors_info=&#8221;{}&#8221;][et_pb_text _builder_version=&#8221;4.27.4&#8243; _module_preset=&#8221;default&#8221; header_2_font=&#8221;|600|||||||&#8221; header_2_text_color=&#8221;#0D738C&#8221; header_3_font=&#8221;|600|||||||&#8221; header_3_text_align=&#8221;center&#8221; header_3_text_color=&#8221;#0D738C&#8221; header_3_font_size=&#8221;21px&#8221; global_colors_info=&#8221;{}&#8221;]<\/p>\n<h3 class=\"elementor-heading-title elementor-size-default\">\u00a1Con nuestras Unidades M\u00f3viles llegamos hasta donde tu salud lo necesite!<\/h3>\n<p>[\/et_pb_text][et_pb_text _builder_version=&#8221;4.27.4&#8243; _module_preset=&#8221;default&#8221; header_2_font=&#8221;|600|||||||&#8221; header_2_text_color=&#8221;#0D738C&#8221; header_3_font=&#8221;|600|||||||&#8221; header_3_text_align=&#8221;center&#8221; header_3_text_color=&#8221;#0D738C&#8221; header_3_font_size=&#8221;21px&#8221; hover_enabled=&#8221;0&#8243; global_colors_info=&#8221;{}&#8221; custom_padding=&#8221;||0px||false|false&#8221; custom_margin=&#8221;||0px||false|false&#8221; sticky_enabled=&#8221;0&#8243;]<\/p>\n<div class=\"elementor-element elementor-element-b5caf47 elementor-widget elementor-widget-heading\" data-id=\"b5caf47\" data-element_type=\"widget\" data-widget_type=\"heading.default\">\n<div class=\"elementor-widget-container\">\n<h3 class=\"elementor-heading-title elementor-size-default\">Departamentos de Colombia<\/h3>\n<\/div>\n<\/div>\n<div class=\"elementor-element elementor-element-aae01b2 elementor-widget elementor-widget-stratum-image-hotspot\" data-id=\"aae01b2\" data-element_type=\"widget\" data-widget_type=\"stratum-image-hotspot.default\">\n<div class=\"elementor-widget-container\">\n<div class=\"stratum-image-hotspot\">\n<div class=\"stratum-image-hotspot__wrapper\"><\/div>\n<\/div>\n<\/div>\n<\/div>\n<p>[\/et_pb_text][et_pb_image src=&#8221;https:\/\/www.prueba.ensalud.com.co\/wp-content\/uploads\/2025\/04\/mapa-de-colombia.jpg&#8221; title_text=&#8221;mapa-de-colombia&#8221; align=&#8221;center&#8221; _builder_version=&#8221;4.27.4&#8243; _module_preset=&#8221;default&#8221; width=&#8221;45%&#8221; max_width=&#8221;50%&#8221; module_alignment=&#8221;center&#8221; hover_enabled=&#8221;0&#8243; global_colors_info=&#8221;{}&#8221; custom_margin=&#8221;0px||||false|false&#8221; custom_padding=&#8221;0px||||false|false&#8221; sticky_enabled=&#8221;0&#8243;][\/et_pb_image][\/et_pb_column][\/et_pb_row][et_pb_row _builder_version=&#8221;4.27.4&#8243; _module_preset=&#8221;default&#8221;][et_pb_column _builder_version=&#8221;4.27.4&#8243; _module_preset=&#8221;default&#8221; type=&#8221;4_4&#8243;][et_pb_gallery _builder_version=&#8221;4.27.4&#8243; _module_preset=&#8221;default&#8221; gallery_ids=&#8221;2478,2479,2477,2476,2475,2474&#8243; show_pagination=&#8221;off&#8221; show_title_and_caption=&#8221;off&#8221; module_alignment=&#8221;center&#8221; border_radii=&#8221;on|10px|10px|10px|10px&#8221; hover_enabled=&#8221;0&#8243; sticky_enabled=&#8221;0&#8243; posts_number=&#8221;6&#8243; zoom_icon_color=&#8221;#0D738C&#8221; hover_overlay_color=&#8221;rgba(74,189,207,0.38)&#8221;][\/et_pb_gallery][\/et_pb_column][\/et_pb_row][et_pb_row _builder_version=&#8221;4.27.4&#8243; _module_preset=&#8221;default&#8221;][et_pb_column _builder_version=&#8221;4.27.4&#8243; _module_preset=&#8221;default&#8221; type=&#8221;4_4&#8243;][et_pb_text _builder_version=&#8221;4.27.4&#8243; _module_preset=&#8221;default&#8221; header_3_font=&#8221;|600|||||||&#8221; header_3_text_color=&#8221;#0D738C&#8221; header_3_text_align=&#8221;center&#8221; hover_enabled=&#8221;0&#8243; sticky_enabled=&#8221;0&#8243;]<\/p>\n<h3 class=\"elementor-heading-title elementor-size-default\">En las IPS y las Unidades M\u00f3viles<\/h3>\n<p>[\/et_pb_text][\/et_pb_column][\/et_pb_row][et_pb_row _builder_version=&#8221;4.27.4&#8243; _module_preset=&#8221;default&#8221; column_structure=&#8221;1_4,1_4,1_4,1_4&#8243; hover_enabled=&#8221;0&#8243; sticky_enabled=&#8221;0&#8243;][et_pb_column _builder_version=&#8221;4.27.4&#8243; _module_preset=&#8221;default&#8221; type=&#8221;1_4&#8243;][et_pb_blurb title=&#8221;Tamizaje, diagn\u00f3stico, seguimiento y control para nuestros usuarios.&#8221; _builder_version=&#8221;4.27.4&#8243; _module_preset=&#8221;default&#8221; header_font=&#8221;||||||||&#8221; header_text_align=&#8221;center&#8221; header_text_color=&#8221;#0D738C&#8221; header_font_size=&#8221;16px&#8221; use_icon=&#8221;on&#8221; font_icon=&#8221;&#xf481;||fa||900&#8243; icon_color=&#8221;#4ABDCF&#8221; hover_enabled=&#8221;0&#8243; sticky_enabled=&#8221;0&#8243;][\/et_pb_blurb][\/et_pb_column][et_pb_column _builder_version=&#8221;4.27.4&#8243; _module_preset=&#8221;default&#8221; type=&#8221;1_4&#8243;][et_pb_blurb title=&#8221;Mamograf\u00edas, ecograf\u00edas, biopsias, pruebas de marcadores y receptores de hormonas&#8221; _builder_version=&#8221;4.27.4&#8243; _module_preset=&#8221;default&#8221; header_font=&#8221;||||||||&#8221; header_text_align=&#8221;center&#8221; header_text_color=&#8221;#0D738C&#8221; header_font_size=&#8221;16px&#8221; use_icon=&#8221;on&#8221; font_icon=&#8221;&#xf493;||fa||900&#8243; icon_color=&#8221;#4ABDCF&#8221; hover_enabled=&#8221;0&#8243; sticky_enabled=&#8221;0&#8243;][\/et_pb_blurb][\/et_pb_column][et_pb_column _builder_version=&#8221;4.27.4&#8243; _module_preset=&#8221;default&#8221; type=&#8221;1_4&#8243;][et_pb_blurb title=&#8221;Jornadas de sensibilizaci\u00f3n y educaci\u00f3n continua&#8221; _builder_version=&#8221;4.27.4&#8243; _module_preset=&#8221;default&#8221; header_font=&#8221;||||||||&#8221; header_text_align=&#8221;center&#8221; header_text_color=&#8221;#0D738C&#8221; header_font_size=&#8221;16px&#8221; use_icon=&#8221;on&#8221; font_icon=&#8221;&#xf0c0;||fa||900&#8243; icon_color=&#8221;#4ABDCF&#8221; hover_enabled=&#8221;0&#8243; sticky_enabled=&#8221;0&#8243;][\/et_pb_blurb][\/et_pb_column][et_pb_column _builder_version=&#8221;4.27.4&#8243; _module_preset=&#8221;default&#8221; type=&#8221;1_4&#8243;][et_pb_blurb title=&#8221;Equipos de \u00faltima tecnolog\u00eda para la adquisici\u00f3n y procesamiento de im\u00e1genes diagn\u00f3sticas&#8221; _builder_version=&#8221;4.27.4&#8243; _module_preset=&#8221;default&#8221; header_font=&#8221;||||||||&#8221; header_text_align=&#8221;center&#8221; header_text_color=&#8221;#0D738C&#8221; header_font_size=&#8221;16px&#8221; use_icon=&#8221;on&#8221; font_icon=&#8221;&#xf812;||fa||900&#8243; icon_color=&#8221;#4ABDCF&#8221; hover_enabled=&#8221;0&#8243; sticky_enabled=&#8221;0&#8243;][\/et_pb_blurb][\/et_pb_column][\/et_pb_row][\/et_pb_section][et_pb_section fb_built=&#8221;1&#8243; _builder_version=&#8221;4.27.4&#8243; _module_preset=&#8221;default&#8221; background_color=&#8221;#4DB1E2&#8243; custom_padding=&#8221;15px||15px||true|false&#8221; border_color_top=&#8221;#FFFFFF&#8221; global_module=&#8221;2440&#8243; global_colors_info=&#8221;{}&#8221;][et_pb_row column_structure=&#8221;1_3,1_3,1_3&#8243; _builder_version=&#8221;4.27.4&#8243; _module_preset=&#8221;default&#8221; custom_padding=&#8221;||0px|||&#8221; global_colors_info=&#8221;{}&#8221;][et_pb_column type=&#8221;1_3&#8243; _builder_version=&#8221;4.27.4&#8243; _module_preset=&#8221;default&#8221; global_colors_info=&#8221;{}&#8221;][et_pb_image src=&#8221;https:\/\/www.prueba.ensalud.com.co\/wp-content\/uploads\/2025\/03\/ensalud_logo_footer.png&#8221; title_text=&#8221;ensalud_logo_footer&#8221; align=&#8221;center&#8221; _builder_version=&#8221;4.27.4&#8243; _module_preset=&#8221;default&#8221; width=&#8221;35%&#8221; module_alignment=&#8221;center&#8221; custom_margin=&#8221;||8px|||&#8221; global_colors_info=&#8221;{}&#8221;][\/et_pb_image][et_pb_text _builder_version=&#8221;4.27.4&#8243; _module_preset=&#8221;default&#8221; text_font=&#8221;|300|||||||&#8221; text_text_color=&#8221;#FFFFFF&#8221; text_font_size=&#8221;15px&#8221; text_line_height=&#8221;1.3em&#8221; text_orientation=&#8221;center&#8221; global_colors_info=&#8221;{}&#8221;]<\/p>\n<p><span>Estamos comprometidos con el cuidado del bien m\u00e1s preciado, tu salud.<\/span><\/p>\n<p>[\/et_pb_text][\/et_pb_column][et_pb_column type=&#8221;1_3&#8243; _builder_version=&#8221;4.27.4&#8243; _module_preset=&#8221;default&#8221; global_colors_info=&#8221;{}&#8221;][et_pb_text _builder_version=&#8221;4.27.4&#8243; _module_preset=&#8221;default&#8221; text_font=&#8221;|300|||||||&#8221; text_text_color=&#8221;#FFFFFF&#8221; text_font_size=&#8221;15px&#8221; text_line_height=&#8221;1.3em&#8221; header_text_color=&#8221;#FFFFFF&#8221; header_2_font=&#8221;|600|||||||&#8221; header_2_font_size=&#8221;18px&#8221; header_4_font=&#8221;|600|||||||&#8221; header_4_text_align=&#8221;center&#8221; header_4_text_color=&#8221;#FFFFFF&#8221; text_orientation=&#8221;center&#8221; custom_margin=&#8221;6px||5px|||&#8221; global_colors_info=&#8221;{}&#8221;]<\/p>\n<h4 class=\"elementor-heading-title elementor-size-default\">Enlaces de inter\u00e9s<\/h4>\n<p>[\/et_pb_text][et_pb_text _builder_version=&#8221;4.27.4&#8243; _module_preset=&#8221;default&#8221; text_font=&#8221;|300|||||||&#8221; text_text_color=&#8221;#FFFFFF&#8221; text_orientation=&#8221;center&#8221; global_colors_info=&#8221;{}&#8221;]<\/p>\n<p><span class=\"elementor-icon-list-text\">Pol\u00edtica de tratamiento de datos personales<br \/><\/span><span class=\"elementor-icon-list-text\">Estados financieros<br \/><\/span><span class=\"elementor-icon-list-text\">Farmacovigilancia<br \/><\/span><span class=\"elementor-icon-list-text\">Portafolio de servicios<\/span><\/p>\n<p><span class=\"elementor-icon-list-text\"><br \/><\/span><span class=\"elementor-icon-list-text\"><\/span><\/p>\n<p>[\/et_pb_text][et_pb_text _builder_version=&#8221;4.27.4&#8243; _module_preset=&#8221;default&#8221; header_3_font=&#8221;|300|||||||&#8221; header_3_text_align=&#8221;center&#8221; header_3_text_color=&#8221;#FFFFFF&#8221; header_3_font_size=&#8221;13px&#8221; global_colors_info=&#8221;{}&#8221;]<\/p>\n<h3 class=\"elementor-image-box-title\">Todos los derechos reservados, Ensalud \u00a9 2021<\/h3>\n<p>[\/et_pb_text][\/et_pb_column][et_pb_column type=&#8221;1_3&#8243; _builder_version=&#8221;4.27.4&#8243; _module_preset=&#8221;default&#8221; global_colors_info=&#8221;{}&#8221;][et_pb_text _builder_version=&#8221;4.27.4&#8243; _module_preset=&#8221;default&#8221; text_font=&#8221;|300|||||||&#8221; text_text_color=&#8221;#FFFFFF&#8221; text_font_size=&#8221;15px&#8221; text_line_height=&#8221;1.3em&#8221; header_text_color=&#8221;#FFFFFF&#8221; header_2_font=&#8221;|600|||||||&#8221; header_2_font_size=&#8221;18px&#8221; header_4_font=&#8221;|600|||||||&#8221; header_4_text_align=&#8221;center&#8221; header_4_text_color=&#8221;#FFFFFF&#8221; text_orientation=&#8221;center&#8221; custom_margin=&#8221;6px||5px|||&#8221; global_colors_info=&#8221;{}&#8221;]<\/p>\n<h4 class=\"elementor-heading-title elementor-size-default\">Contacto<\/h4>\n<p>[\/et_pb_text][et_pb_text _builder_version=&#8221;4.27.4&#8243; _module_preset=&#8221;default&#8221; text_font=&#8221;|300|||||||&#8221; text_text_color=&#8221;#FFFFFF&#8221; text_orientation=&#8221;center&#8221; global_colors_info=&#8221;{}&#8221;]<\/p>\n<p><span class=\"elementor-icon-list-text\">Sede Principal: Calle 5 # 39 &#8211; 50<br \/><\/span><span class=\"elementor-icon-list-text\">(2) 387 6270<br \/><\/span>servicioalcliente@ensalud.com.co<\/p>\n<p><span class=\"elementor-icon-list-text\"><br \/><\/span><span class=\"elementor-icon-list-text\"><\/span><\/p>\n<p>[\/et_pb_text][\/et_pb_column][\/et_pb_row][\/et_pb_section]<\/p>\n","protected":false},"excerpt":{"rendered":"<p>PROGRAMA DE DETECCI\u00d3NTEMPRANA DE C\u00c1NCER DE MAMAToqu\u00e9monos: La detecci\u00f3n temprana est\u00e1 en tus manosEn Ensalud hemos desarrollado el programa de detecci\u00f3n temprana de c\u00e1ncer de mama Toqu\u00e9monos, que ayuda a mujeres y hombres a descubrir una posible enfermedad antes de que empiecen los s\u00edntomas. Una detecci\u00f3n a tiempo salva vidas.\u00a1Con nuestras Unidades M\u00f3viles llegamos hasta [&hellip;]<\/p>\n","protected":false},"author":1,"featured_media":0,"parent":0,"menu_order":0,"comment_status":"closed","ping_status":"closed","template":"","meta":{"_et_pb_use_builder":"on","_et_pb_old_content":"<!-- Contenido del banner -->\n    <h1 style=\"font-size: 48px; font-weight: bold; color: white; text-shadow: 2px 2px 10px rgba(0, 0, 0, 0.7); text-align: center; margin: 0;\">\n        PROGRAMA DE DETECCI\u00d3N<br \/> DE C\u00c1NCER DE MAMA Y C\u00c9RVIX\n    <\/h1>\n\t\t\t\t\t<h1>La detecci\u00f3n temprana est\u00e1 en tus manos<\/h1>\t\t\t\t\n\t\t\t\t\t<h4>En Ensalud hemos desarrollado el programa de detecci\u00f3n temprana de c\u00e1ncer de mama y c\u00e9rvix, que ayuda a la poblaci\u00f3n a descubrir una posible enfermedad antes de que empiecen los s\u00edntomas.<br><br>Una deteccion a tiempo salva vidas<\/h4>\t\t\t\t\n\t\t\t\t\t<h1>\u00a1Con nuestras Unidades M\u00f3viles llegamos hasta donde tu salud lo necesite!<\/h1>\t\t\t\t\n        <h2>Zonas Colombia<\/h2>\n        [display-map id=\"1039\"]\n<!-- Agregar Font Awesome desde el CDN -->\n<link href=\"https:\/\/cdnjs.cloudflare.com\/ajax\/libs\/font-awesome\/6.0.0-beta3\/css\/all.min.css\" rel=\"stylesheet\">\n        <h2>Zonas Panam\u00e1<\/h2>\n        [display-map id=\"1040\"]\n    <img width=\"600\" height=\"270\" src=\"https:\/\/www.ensalud.com.co\/wp-content\/uploads\/2025\/02\/ensalud-img-01-768x346-1.jpeg\" alt=\"\" \/>\n<p data-setting=\"item_content\"><\/p>\t\t\t\n    <img width=\"600\" height=\"450\" src=\"https:\/\/www.ensalud.com.co\/wp-content\/uploads\/2025\/02\/ensalud-img-06-1024x768-1.jpeg\" alt=\"\" \/>\n<p data-setting=\"item_content\"><\/p>\t\t\t\n    <img width=\"600\" height=\"450\" src=\"https:\/\/www.ensalud.com.co\/wp-content\/uploads\/2025\/02\/ensalud-img-05-1024x768-1.jpeg\" alt=\"\" \/>\n<p data-setting=\"item_content\"><\/p>\t\t\t\n    <img width=\"338\" height=\"450\" src=\"https:\/\/www.ensalud.com.co\/wp-content\/uploads\/2025\/02\/ensalud-img-03.jpeg\" alt=\"\" \/>\n<p data-setting=\"item_content\"><\/p>\t\t\t\n    <img width=\"600\" height=\"450\" src=\"https:\/\/www.ensalud.com.co\/wp-content\/uploads\/2025\/02\/ensalud-img-02-1024x768-1.jpeg\" alt=\"\" \/>\n<p data-setting=\"item_content\"><\/p>\t\t\t\n\t\t\t\t\t<h1>En las IPS y las Unidades M\u00f3viles<\/h1>\t\t\t\t\n  <!-- Icono de medicamentos -->\n     <!-- Icono de medicamentos -->\n  <!-- Texto -->\n    Tamizaje, diagn\u00f3stico, seguimiento y control para nuestros usuarios.\n  <!-- Icono de medicamentos -->\n     <!-- Icono de medicamentos -->\n  <!-- Texto -->\n    Mamograf\u00edas, ecograf\u00edas, biopsias, pruebas de marcadores y receptores de hormonas\n  <!-- Icono de medicamentos -->\n     <!-- Icono de medicamentos -->\n  <!-- Texto -->\n    Jornadas de sensibilizaci\u00f3n y educaci\u00f3n continua\n  <!-- Icono de medicamentos -->\n <!-- Icono de medicamentos -->\n  <!-- Texto -->\n    Equipos de \u00faltima tecnolog\u00eda para la adquisici\u00f3n y procesamiento de im\u00e1genes diagn\u00f3sticas\n  <!-- Icono como cabecera -->\n    <img src=\"http:\/\/www.ensalud.com.co\/wp-content\/uploads\/2025\/02\/ensaludblanco.png\" alt=\"Icono\" style=\"width: 150px; height: 50px;\">\n  <!-- Leyenda con texto blanco -->\n    Estamos comprometidos con el cuidado del bien<br \/> m\u00e1s preciado, tu salud!\n  <!-- T\u00edtulo -->\n    Enlaces de inter\u00e9s\n  <!-- Enlaces -->\n    <ul style=\"list-style: none; padding: 0;\">\n      <li><a href=\"http:\/\/www.ensalud.com.co\/index.php\/politica\/\" style=\"color: white; text-decoration: none;\">Pol\u00edtica de Tratamiento de Datos Personales<\/a><\/li>\n      <li><a href=\"http:\/\/www.ensalud.com.co\/index.php\/estados\/\" style=\"color: white; text-decoration: none;\">Estados Financieros<\/a><\/li>\n      <li><a href=\"#\" style=\"color: white; text-decoration: none;\">Farmacovigilancia<\/a><\/li>\n      <li><a href=\"#\" style=\"color: white; text-decoration: none;\">Portafolio de Servicios<\/a><\/li>\n      <li><a href=\"https:\/\/desqubrapp.com.co\/denuncias\/responder_denuncias\/144\" style=\"color: white; text-decoration: none;\">Responder formulario de denuncias<\/a><\/li>\n      <li><a href=\"https:\/\/desqubrapp.com.co\/consulta_denuncia\" style=\"color: white; text-decoration: none;\">Consultar Estado de las denuncias<\/a><\/li>\n    <\/ul>\n  <!-- T\u00edtulo -->\n    Contacto \n  <!-- Enlaces -->\n    <ul style=\"list-style: none; padding: 0;\">\n      <!-- Hiperv\u00ednculo de la sede principal -->\n      <li><a href=\"https:\/\/www.google.com\/maps?q=Calle+5+%2339+-+50\" style=\"color: white; text-decoration: none;\">Sede principal: Calle 5 # 39 - 50<\/a><\/li>\n      <!-- Tel\u00e9fono sin hiperv\u00ednculo -->\n      <li style=\"color: white;\">Telf: (2) 3876270<\/li>\n      <!-- Hiperv\u00ednculo de email que abre Outlook -->\n      <li><a href=\"mailto:servicioalcliente@ensalud.com.co\" style=\"color: white; text-decoration: none;\">Email: servicioalcliente@ensalud.com.co<\/a><\/li>\n    <\/ul>\n    <p>Todos los derechos reservados, Ensalud\u00a9 2021\n    Desarrollado por: \n        <a href=\"https:\/\/jhamfgroup.net\/\" target=\"_blank\" style=\"text-decoration: none; color: #fff;\">\n            Jhamf Group SAS\n        <\/a>\n    <\/p>","_et_gb_content_width":"1080","footnotes":""},"class_list":["post-175","page","type-page","status-publish","hentry"],"_links":{"self":[{"href":"https:\/\/www.prueba.ensalud.com.co\/index.php\/wp-json\/wp\/v2\/pages\/175","targetHints":{"allow":["GET"]}}],"collection":[{"href":"https:\/\/www.prueba.ensalud.com.co\/index.php\/wp-json\/wp\/v2\/pages"}],"about":[{"href":"https:\/\/www.prueba.ensalud.com.co\/index.php\/wp-json\/wp\/v2\/types\/page"}],"author":[{"embeddable":true,"href":"https:\/\/www.prueba.ensalud.com.co\/index.php\/wp-json\/wp\/v2\/users\/1"}],"replies":[{"embeddable":true,"href":"https:\/\/www.prueba.ensalud.com.co\/index.php\/wp-json\/wp\/v2\/comments?post=175"}],"version-history":[{"count":135,"href":"https:\/\/www.prueba.ensalud.com.co\/index.php\/wp-json\/wp\/v2\/pages\/175\/revisions"}],"predecessor-version":[{"id":2491,"href":"https:\/\/www.prueba.ensalud.com.co\/index.php\/wp-json\/wp\/v2\/pages\/175\/revisions\/2491"}],"wp:attachment":[{"href":"https:\/\/www.prueba.ensalud.com.co\/index.php\/wp-json\/wp\/v2\/media?parent=175"}],"curies":[{"name":"wp","href":"https:\/\/api.w.org\/{rel}","templated":true}]}}