{"id":177,"date":"2025-02-12T13:48:35","date_gmt":"2025-02-12T18:48:35","guid":{"rendered":"http:\/\/localhost\/ensalud\/?page_id=177"},"modified":"2025-04-24T19:17:21","modified_gmt":"2025-04-25T00:17:21","slug":"trabaja-con-nosotros","status":"publish","type":"page","link":"https:\/\/www.prueba.ensalud.com.co\/index.php\/trabaja-con-nosotros\/","title":{"rendered":"Trabaja con Nosotros"},"content":{"rendered":"<h1>Trabaja con Nosotros<\/h1>\n<h4>\u00danete a nuestro equipo y transforma tus objetivos personales y profesionales en logros extraordinarios.<\/p>\n<p><strong>\u00a1Queremos que seas parte de nuestro equipo!<br \/>\n<\/strong><\/p>\n<p>    Buscamos personas que compartan nuestra cultura y se apasionen por los valores que nos definen: liderazgo, servicio, compromiso, mejora continua y, sobre todo, el bienestar de nuestros pacientes y usuarios.<\/p>\n<p>    Si crees que el talento de la organizaci\u00f3n es el motor que impulsa el \u00e9xito, \u00a1est\u00e1s en el lugar correcto! Aqu\u00ed, juntos, hacemos realidad todo lo que nos proponemos<br \/>\n.<br \/>\n<\/h4>\n<p>\t\t\t\t\t<!-- Widget de tarjeta con efecto de volteo para Elementor --><br \/>\n      <!-- Frente de la tarjeta con imagen de fondo --><\/p>\n<h2>Servicios de salud ips:<\/h2>\n<p>      <!-- Reverso de la tarjeta con texto --><\/p>\n<p style=\"font-size: 16px; line-height: 1.3;\">\n          <strong>Auxiliar Administrativo<\/strong> (Facturaci\u00f3n, Call Center, Convocatoria, Transcripci\u00f3n):<br \/>\n          T\u00edtulo profesional: T\u00e9cnico auxiliar administrativo en salud<br \/>\n          Experiencia: 1 a\u00f1o en el cargo<br \/>\n          Sede de trabajo: Palmira<\/p>\n<p>          <strong>Conductor Unidad m\u00f3vil:<\/strong><br \/>\n          T\u00edtulo profesional: Bachiller<br \/>\n          Experiencia: 1 a\u00f1o en el cargo<br \/>\n          Sede de trabajo: Palmira &#8211; Cali<\/p>\n<p>          <strong>Aprendiz:<\/strong><br \/>\n          T\u00edtulo profesional: Estudiante T\u00e9cnico Auxiliar administrativo en salud.<br \/>\n          Sede de trabajo: Palmira \u2013 Tulu\u00e1\n        <\/p>\n<style>\n  .flip-card-container {\n    width: 100%;\n    max-width: 500px;\n    height: 600px;\n    perspective: 1000px;\n    margin: 0 auto;\n  }\n  .flip-card {\n    width: 100%;\n    height: 100%;\n    cursor: pointer;\n  }\n  .flip-card-inner {\n    position: relative;\n    width: 100%;\n    height: 100%;\n    text-align: center;\n    transition: transform 0.6s;\n    transform-style: preserve-3d;\n    box-shadow: 0 4px 8px rgba(0,0,0,0.1);\n  }\n  .flip-card:hover .flip-card-inner {\n    transform: rotateY(180deg);\n  }\n  .flip-card-front, .flip-card-back {\n    position: absolute;\n    width: 100%;\n    height: 100%;\n    -webkit-backface-visibility: hidden;\n    backface-visibility: hidden;\n    display: flex;\n    align-items: center;\n    justify-content: center;\n    padding: 20px;\n    box-sizing: border-box;\n    border-radius: 8px;\n    overflow: hidden;\n  }\n  .flip-card-front {\n    background-color: #f8f8f8; \/* Color de fondo de respaldo *\/\n  }\n  .flip-card-front::before {\n    content: \"\";\n    position: absolute;\n    top: 0;\n    left: 0;\n    width: 100%;\n    height: 100%;\n    background-image: url(\"https:\/\/www.ensalud.com.co\/wp-content\/uploads\/2025\/02\/enf.png\"); \/* Cambi\u00e9 el a\u00f1o a uno m\u00e1s probable *\/\n    background-size: cover;\n    background-position: center;\n    background-repeat: no-repeat;\n    z-index: -1;\n  }\n  .overlay {\n    position: absolute;\n    top: 0;\n    left: 0;\n    width: 100%;\n    height: 100%;\n    background-color: rgba(255, 255, 255, 0.2);\n    z-index: -1;\n  }\n  .flip-card-back {\n    background-color: #468DA1;\n    color: white;\n    transform: rotateY(180deg);\n  }\n  .flip-card-title {\n    color: #468DA1;\n    font-size: 32px;\n    text-align: center;\n    background-color: rgba(255, 255, 255, 0.7);\n    padding: 10px 15px;\n    border-radius: 5px;\n    margin: 0;\n    position: relative;\n    z-index: 1;\n  }\n  .flip-card-text {\n    font-size: 22px;\n    line-height: 1.5;\n    max-width: 80%;\n    text-align: left;\n  }\n<\/style>\n<p>\t\t\t\t\t<!-- Widget de tarjeta con efecto de volteo para Elementor --><br \/>\n      <!-- Frente de la tarjeta con imagen de fondo --><\/p>\n<h2>Servicios de salud ips: Programa M\u00f3vil:<\/h2>\n<p>      <!-- Reverso de la tarjeta con texto --><\/p>\n<p style=\"font-size: 16px; line-height: 1.3;\">\n  <strong>Tecn\u00f3loga en im\u00e1genes diagnosticas (M\u00f3vil):<\/strong><br \/>\n  T\u00edtulo profesional: Tecn\u00f3loga en im\u00e1genes diagnosticas<br \/>\n  Experiencia: 2 a\u00f1os en el cargo<br \/>\n  Sede de trabajo: Palmira &#8211; Cali<\/p>\n<p>  <strong>Auxiliar asistencial (M\u00f3vil):<\/strong><br \/>\n  T\u00edtulo profesional: T\u00e9cnico en Enfermer\u00eda (Toma de Citolog\u00edas)<br \/>\n  Experiencia: 1 a\u00f1o en el cargo<br \/>\n  Sede de trabajo: Palmira &#8211; Cali\n<\/p>\n<style>\n.flip-card-container {\n  width: 100%;\n  max-width: 500px;\n  height: 600px;\n  perspective: 1000px;\n  margin: 0 auto;\n}\n.flip-card {\n  width: 100%;\n  height: 100%;\n  cursor: pointer;\n}\n.flip-card-inner {\n  position: relative;\n  width: 100%;\n  height: 100%;\n  text-align: center;\n  transition: transform 0.6s;\n  transform-style: preserve-3d;\n}\n.flip-card:hover .flip-card-inner {\n  transform: rotateY(180deg);\n}\n.flip-card-front, .flip-card-back {\n  position: absolute;\n  width: 100%;\n  height: 100%;\n  -webkit-backface-visibility: hidden;\n  backface-visibility: hidden;\n  display: flex;\n  align-items: center;\n  justify-content: center;\n  padding: 20px;\n  box-sizing: border-box;\n}\n.flip-card-front {\n  background-size: cover;\n  background-position: center;\n  \/* Aqu\u00ed se debe cargar la imagen de fondo desde Elementor *\/\n  background-image: url('http:\/\/localhost\/ensalud\/wp-content\/uploads\/2025\/02\/Foto-Vacante1.png');\n}\n.flip-card-back {\n  background-color: #468DA1;\n  color: white;\n  transform: rotateY(180deg);\n}\n.flip-card-title {\n  color: #468DA1;\n  font-size: 32px;\n  text-align: center;\n  background-color: rgba(255, 255, 255, 0.7);\n  padding: 10px 15px;\n  border-radius: 5px;\n  margin: 0;\n}\n.flip-card-text {\n  font-size: 22px;\n  line-height: 1.5;\n  max-width: 80%;\n}\n<\/style>\n<p>\t\t\t\t\t<!-- Widget de tarjeta con efecto de volteo para Elementor --><br \/>\n      <!-- Frente de la tarjeta con imagen de fondo --><\/p>\n<h2>Servicios farmac\u00e9uticos:<\/h2>\n<p>      <!-- Reverso de la tarjeta con texto --><\/p>\n<p style=\"font-size: 16px; line-height: 1.3;\">\n  <strong>Regente de Farmacia:<\/strong><br \/>\n  T\u00edtulo profesional: Tecn\u00f3logo en regencia de farmacia<br \/>\n  Experiencia: 2 a\u00f1os en el cargo<br \/>\n  Sede de trabajo: Municipios de Valle del Cauca<\/p>\n<p>  <strong>Auxiliar de Farmacia:<\/strong><br \/>\n  T\u00edtulo profesional: T\u00e9cnico en Auxiliar de Farmacia<br \/>\n  Experiencia: 1 a\u00f1o en el cargo<br \/>\n  Sede de trabajo: Municipios de Valle del Cauca<\/p>\n<p>  <strong>Aprendiz:<\/strong><br \/>\n  T\u00edtulo profesional: Estudiante T\u00e9cnico en Auxiliar de Farmacia<br \/>\n  Sede de trabajo: Municipios de Valle del Cauca\n<\/p>\n<style>\n.flip-card-container {\n  width: 100%;\n  max-width: 500px;\n  height: 600px;\n  perspective: 1000px;\n  margin: 0 auto;\n}\n.flip-card {\n  width: 100%;\n  height: 100%;\n  cursor: pointer;\n}\n.flip-card-inner {\n  position: relative;\n  width: 100%;\n  height: 100%;\n  text-align: center;\n  transition: transform 0.6s;\n  transform-style: preserve-3d;\n}\n.flip-card:hover .flip-card-inner {\n  transform: rotateY(180deg);\n}\n.flip-card-front, .flip-card-back {\n  position: absolute;\n  width: 100%;\n  height: 100%;\n  -webkit-backface-visibility: hidden;\n  backface-visibility: hidden;\n  display: flex;\n  align-items: center;\n  justify-content: center;\n  padding: 20px;\n  box-sizing: border-box;\n}\n.flip-card-front {\n  background-size: cover;\n  background-position: center;\n  \/* Aqu\u00ed se debe cargar la imagen de fondo desde Elementor *\/\n  background-image: url('http:\/\/localhost\/ensalud\/wp-content\/uploads\/2025\/02\/Foto-Vacante1.png');\n}\n.flip-card-back {\n  background-color: #468DA1;\n  color: white;\n  transform: rotateY(180deg);\n}\n.flip-card-title {\n  color: #468DA1;\n  font-size: 32px;\n  text-align: center;\n  background-color: rgba(255, 255, 255, 0.7);\n  padding: 10px 15px;\n  border-radius: 5px;\n  margin: 0;\n}\n.flip-card-text {\n  font-size: 22px;\n  line-height: 1.5;\n  max-width: 80%;\n}\n<\/style>\n<p>\t\t\t\t\t<!-- Widget de tarjeta con efecto de volteo para Elementor --><br \/>\n      <!-- Frente de la tarjeta con imagen de fondo --><\/p>\n<h2>Gesti\u00f3n Administrativa:<\/h2>\n<p>      <!-- Reverso de la tarjeta con texto --><\/p>\n<p style=\"font-size: 16px; line-height: 1.3;\">\n  <strong>Coordinador de Bienes y Servicios:<\/strong><br \/>\n  T\u00edtulo profesional: Profesional en administraci\u00f3n de empresas o carreras afines.<br \/>\n  Experiencia: 2 a\u00f1os en el cargo<br \/>\n  Sede de trabajo: Cali<\/p>\n<p>  <strong>Aprendiz:<\/strong><br \/>\n  T\u00edtulo profesional: Estudiante T\u00e9cnico en Auxiliar Administrativo en salud<br \/>\n  Sede de trabajo: Cali\n<\/p>\n<style>\n.flip-card-container {\n  width: 100%;\n  max-width: 500px;\n  height: 600px;\n  perspective: 1000px;\n  margin: 0 auto;\n}\n.flip-card {\n  width: 100%;\n  height: 100%;\n  cursor: pointer;\n}\n.flip-card-inner {\n  position: relative;\n  width: 100%;\n  height: 100%;\n  text-align: center;\n  transition: transform 0.6s;\n  transform-style: preserve-3d;\n}\n.flip-card:hover .flip-card-inner {\n  transform: rotateY(180deg);\n}\n.flip-card-front, .flip-card-back {\n  position: absolute;\n  width: 100%;\n  height: 100%;\n  -webkit-backface-visibility: hidden;\n  backface-visibility: hidden;\n  display: flex;\n  align-items: center;\n  justify-content: center;\n  padding: 20px;\n  box-sizing: border-box;\n}\n.flip-card-front {\n  background-size: cover;\n  background-position: center;\n  \/* Aqu\u00ed se debe cargar la imagen de fondo desde Elementor *\/\n  background-image: url('http:\/\/localhost\/ensalud\/wp-content\/uploads\/2025\/02\/Foto-Vacante1.png');\n}\n.flip-card-back {\n  background-color: #468DA1;\n  color: white;\n  transform: rotateY(180deg);\n}\n.flip-card-title {\n  color: #468DA1;\n  font-size: 32px;\n  text-align: center;\n  background-color: rgba(255, 255, 255, 0.7);\n  padding: 10px 15px;\n  border-radius: 5px;\n  margin: 0;\n}\n.flip-card-text {\n  font-size: 22px;\n  line-height: 1.5;\n  max-width: 80%;\n}\n<\/style>\n<p>\t\t\t\t\t<!-- Widget de tarjeta con efecto de volteo para Elementor --><br \/>\n      <!-- Frente de la tarjeta con imagen de fondo --><\/p>\n<h2>Gestion contable:<\/h2>\n<p>      <!-- Reverso de la tarjeta con texto --><\/p>\n<p style=\"font-size: 16px; line-height: 1.3;\">\n  <strong>Auxiliar Contable:<\/strong><br \/>\n  T\u00edtulo profesional: Estudiante de \u00faltimos semestres o Profesional en contadur\u00eda P\u00fablica.<br \/>\n  Experiencia: 1 a\u00f1o en el cargo<br \/>\n  Sede de trabajo: Cali<\/p>\n<p>  <strong>Aprendiz:<\/strong><br \/>\n  T\u00edtulo profesional: Estudiante T\u00e9cnico o tecn\u00f3logo en contadur\u00eda<br \/>\n  Sede de trabajo: Cali\n<\/p>\n<style>\n.flip-card-container {\n  width: 100%;\n  max-width: 500px;\n  height: 600px;\n  perspective: 1000px;\n  margin: 0 auto;\n}\n.flip-card {\n  width: 100%;\n  height: 100%;\n  cursor: pointer;\n}\n.flip-card-inner {\n  position: relative;\n  width: 100%;\n  height: 100%;\n  text-align: center;\n  transition: transform 0.6s;\n  transform-style: preserve-3d;\n}\n.flip-card:hover .flip-card-inner {\n  transform: rotateY(180deg);\n}\n.flip-card-front, .flip-card-back {\n  position: absolute;\n  width: 100%;\n  height: 100%;\n  -webkit-backface-visibility: hidden;\n  backface-visibility: hidden;\n  display: flex;\n  align-items: center;\n  justify-content: center;\n  padding: 20px;\n  box-sizing: border-box;\n}\n.flip-card-front {\n  background-size: cover;\n  background-position: center;\n  \/* Aqu\u00ed se debe cargar la imagen de fondo desde Elementor *\/\n  background-image: url('http:\/\/localhost\/ensalud\/wp-content\/uploads\/2025\/02\/Foto-Vacante1.png');\n}\n.flip-card-back {\n  background-color: #468DA1;\n  color: white;\n  transform: rotateY(180deg);\n}\n.flip-card-title {\n  color: #468DA1;\n  font-size: 32px;\n  text-align: center;\n  background-color: rgba(255, 255, 255, 0.7);\n  padding: 10px 15px;\n  border-radius: 5px;\n  margin: 0;\n}\n.flip-card-text {\n  font-size: 22px;\n  line-height: 1.5;\n  max-width: 80%;\n}\n<\/style>\n<p>\t\t\t\t\t<!-- Widget de tarjeta con efecto de volteo para Elementor --><br \/>\n      <!-- Frente de la tarjeta con imagen de fondo --><\/p>\n<h2>Gestion Log\u00edstica:<\/h2>\n<p>      <!-- Reverso de la tarjeta con texto --><\/p>\n<p style=\"font-size: 16px; line-height: 1.3;\">\n  <strong>Auxiliar Log\u00edstico:<\/strong><br \/>\n  T\u00edtulo profesional: T\u00e9cnico o tecn\u00f3logo en log\u00edstica.<br \/>\n  Experiencia: 1 a\u00f1o en el cargo<br \/>\n  Sede de trabajo: Buga<\/p>\n<p>  <strong>Conductor Log\u00edstico:<\/strong><br \/>\n  T\u00edtulo profesional: Bachiller<br \/>\n  Experiencia: 1 a\u00f1o en el cargo<br \/>\n  Sede de trabajo: Buga\n<\/p>\n<style>\n.flip-card-container {\n  width: 100%;\n  max-width: 500px;\n  height: 600px;\n  perspective: 1000px;\n  margin: 0 auto;\n}\n.flip-card {\n  width: 100%;\n  height: 100%;\n  cursor: pointer;\n}\n.flip-card-inner {\n  position: relative;\n  width: 100%;\n  height: 100%;\n  text-align: center;\n  transition: transform 0.6s;\n  transform-style: preserve-3d;\n}\n.flip-card:hover .flip-card-inner {\n  transform: rotateY(180deg);\n}\n.flip-card-front, .flip-card-back {\n  position: absolute;\n  width: 100%;\n  height: 100%;\n  -webkit-backface-visibility: hidden;\n  backface-visibility: hidden;\n  display: flex;\n  align-items: center;\n  justify-content: center;\n  padding: 20px;\n  box-sizing: border-box;\n}\n.flip-card-front {\n  background-size: cover;\n  background-position: center;\n  \/* Aqu\u00ed se debe cargar la imagen de fondo desde Elementor *\/\n  background-image: url('http:\/\/localhost\/ensalud\/wp-content\/uploads\/2025\/02\/Foto-Vacante1.png');\n}\n.flip-card-back {\n  background-color: #468DA1;\n  color: white;\n  transform: rotateY(180deg);\n}\n.flip-card-title {\n  color: #468DA1;\n  font-size: 32px;\n  text-align: center;\n  background-color: rgba(255, 255, 255, 0.7);\n  padding: 10px 15px;\n  border-radius: 5px;\n  margin: 0;\n}\n.flip-card-text {\n  font-size: 22px;\n  line-height: 1.5;\n  max-width: 80%;\n}\n<\/style>\n<p>\t\t\t\t\t<!-- Widget de tarjeta con efecto de volteo para Elementor --><br \/>\n      <!-- Frente de la tarjeta con imagen de fondo --><\/p>\n<h2>Gestion Comercial:<\/h2>\n<p>      <!-- Reverso de la tarjeta con texto --><\/p>\n<p style=\"font-size: 16px; line-height: 1.3;\">\n  <strong>Analista de Convenios:<\/strong><br \/>\n  T\u00edtulo profesional: Estudiante de \u00faltimos semestres o Profesional en administraci\u00f3n de empresas, administraci\u00f3n en salud o afines.<br \/>\n  Experiencia: 2 a\u00f1os en cargos administrativos.<br \/>\n  Sede de trabajo: Cali<\/p>\n<p>  <strong>Analista Comercial:<\/strong><br \/>\n  T\u00edtulo profesional: Profesional en Administraci\u00f3n o carreras afines.<br \/>\n  Experiencia: 2 a\u00f1os en cargos comerciales, facturaci\u00f3n o compras.<br \/>\n  Sede de trabajo: Cali\n<\/p>\n<style>\n.flip-card-container {\n  width: 100%;\n  max-width: 500px;\n  height: 600px;\n  perspective: 1000px;\n  margin: 0 auto;\n}\n.flip-card {\n  width: 100%;\n  height: 100%;\n  cursor: pointer;\n}\n.flip-card-inner {\n  position: relative;\n  width: 100%;\n  height: 100%;\n  text-align: center;\n  transition: transform 0.6s;\n  transform-style: preserve-3d;\n}\n.flip-card:hover .flip-card-inner {\n  transform: rotateY(180deg);\n}\n.flip-card-front, .flip-card-back {\n  position: absolute;\n  width: 100%;\n  height: 100%;\n  -webkit-backface-visibility: hidden;\n  backface-visibility: hidden;\n  display: flex;\n  align-items: center;\n  justify-content: center;\n  padding: 20px;\n  box-sizing: border-box;\n}\n.flip-card-front {\n  background-size: cover;\n  background-position: center;\n  \/* Aqu\u00ed se debe cargar la imagen de fondo desde Elementor *\/\n  background-image: url('http:\/\/localhost\/ensalud\/wp-content\/uploads\/2025\/02\/Foto-Vacante1.png');\n}\n.flip-card-back {\n  background-color: #468DA1;\n  color: white;\n  transform: rotateY(180deg);\n}\n.flip-card-title {\n  color: #468DA1;\n  font-size: 32px;\n  text-align: center;\n  background-color: rgba(255, 255, 255, 0.7);\n  padding: 10px 15px;\n  border-radius: 5px;\n  margin: 0;\n}\n.flip-card-text {\n  font-size: 22px;\n  line-height: 1.5;\n  max-width: 80%;\n}\n<\/style>\n<h4>Si cumples con el perfil que estamos buscando, llena el siguiente formulario:<\/h4>\n<p>\t\t\t\t\t[contact-form-7 id=&#8221;f8a1e43&#8243; title=&#8221;Trabaja_con_nosotros&#8221;]<br \/>\n  <!-- Icono como cabecera --><br \/>\n    <img decoding=\"async\" src=\"http:\/\/www.ensalud.com.co\/wp-content\/uploads\/2025\/02\/ensaludblanco.png\" alt=\"Icono\" style=\"width: 150px; height: 50px;\"><br \/>\n  <!-- Leyenda con texto blanco --><br \/>\n    Estamos comprometidos con el cuidado del bien<br \/> m\u00e1s preciado, tu salud!<br \/>\n  <!-- T\u00edtulo --><br \/>\n    Enlaces de inter\u00e9s<br \/>\n  <!-- Enlaces --><\/p>\n<ul style=\"list-style: none; padding: 0;\">\n<li><a href=\"http:\/\/www.ensalud.com.co\/index.php\/politica\/\" style=\"color: white; text-decoration: none;\">Pol\u00edtica de Tratamiento de Datos Personales<\/a><\/li>\n<li><a href=\"http:\/\/www.ensalud.com.co\/index.php\/estados\/\" style=\"color: white; text-decoration: none;\">Estados Financieros<\/a><\/li>\n<li><a href=\"#\" style=\"color: white; text-decoration: none;\">Farmacovigilancia<\/a><\/li>\n<li><a href=\"#\" style=\"color: white; text-decoration: none;\">Portafolio de Servicios<\/a><\/li>\n<li><a href=\"https:\/\/desqubrapp.com.co\/denuncias\/responder_denuncias\/144\" style=\"color: white; text-decoration: none;\">Responder formulario de denuncias<\/a><\/li>\n<li><a href=\"https:\/\/desqubrapp.com.co\/consulta_denuncia\" style=\"color: white; text-decoration: none;\">Consultar Estado de las denuncias<\/a><\/li>\n<\/ul>\n<p>  <!-- T\u00edtulo --><br \/>\n    Contacto<br \/>\n  <!-- Enlaces --><\/p>\n<ul style=\"list-style: none; padding: 0;\">\n      <!-- Hiperv\u00ednculo de la sede principal --><\/p>\n<li><a href=\"https:\/\/www.google.com\/maps?q=Calle+5+%2339+-+50\" style=\"color: white; text-decoration: none;\">Sede principal: Calle 5 # 39 &#8211; 50<\/a><\/li>\n<p>      <!-- Tel\u00e9fono sin hiperv\u00ednculo --><\/p>\n<li style=\"color: white;\">Telf: (2) 3876270<\/li>\n<p>      <!-- Hiperv\u00ednculo de email que abre Outlook --><\/p>\n<li><a href=\"mailto:servicioalcliente@ensalud.com.co\" style=\"color: white; text-decoration: none;\">Email: servicioalcliente@ensalud.com.co<\/a><\/li>\n<\/ul>\n<p>Todos los derechos reservados, Ensalud\u00a9 2021<br \/>\n    Desarrollado por:<br \/>\n        <a href=\"https:\/\/jhamfgroup.net\/\" target=\"_blank\" style=\"text-decoration: none; color: #fff;\"><br \/>\n            Jhamf Group SAS<br \/>\n        <\/a>\n    <\/p>\n","protected":false},"excerpt":{"rendered":"<p>Trabaja con Nosotros \u00danete a nuestro equipo y transforma tus objetivos personales y profesionales en logros extraordinarios. \u00a1Queremos que seas parte de nuestro equipo! Buscamos personas que compartan nuestra cultura y se apasionen por los valores que nos definen: liderazgo, servicio, compromiso, mejora continua y, sobre todo, el bienestar de nuestros pacientes y usuarios. Si [&hellip;]<\/p>\n","protected":false},"author":1,"featured_media":0,"parent":0,"menu_order":0,"comment_status":"closed","ping_status":"closed","template":"","meta":{"_et_pb_use_builder":"","_et_pb_old_content":"","_et_gb_content_width":"1080","footnotes":""},"class_list":["post-177","page","type-page","status-publish","hentry"],"_links":{"self":[{"href":"https:\/\/www.prueba.ensalud.com.co\/index.php\/wp-json\/wp\/v2\/pages\/177","targetHints":{"allow":["GET"]}}],"collection":[{"href":"https:\/\/www.prueba.ensalud.com.co\/index.php\/wp-json\/wp\/v2\/pages"}],"about":[{"href":"https:\/\/www.prueba.ensalud.com.co\/index.php\/wp-json\/wp\/v2\/types\/page"}],"author":[{"embeddable":true,"href":"https:\/\/www.prueba.ensalud.com.co\/index.php\/wp-json\/wp\/v2\/users\/1"}],"replies":[{"embeddable":true,"href":"https:\/\/www.prueba.ensalud.com.co\/index.php\/wp-json\/wp\/v2\/comments?post=177"}],"version-history":[{"count":139,"href":"https:\/\/www.prueba.ensalud.com.co\/index.php\/wp-json\/wp\/v2\/pages\/177\/revisions"}],"predecessor-version":[{"id":2486,"href":"https:\/\/www.prueba.ensalud.com.co\/index.php\/wp-json\/wp\/v2\/pages\/177\/revisions\/2486"}],"wp:attachment":[{"href":"https:\/\/www.prueba.ensalud.com.co\/index.php\/wp-json\/wp\/v2\/media?parent=177"}],"curies":[{"name":"wp","href":"https:\/\/api.w.org\/{rel}","templated":true}]}}