{"id":197,"date":"2025-02-12T14:12:47","date_gmt":"2025-02-12T19:12:47","guid":{"rendered":"http:\/\/localhost\/ensalud\/?page_id=197"},"modified":"2025-03-18T14:47:12","modified_gmt":"2025-03-18T19:47:12","slug":"distribucion-mayorista","status":"publish","type":"page","link":"https:\/\/www.prueba.ensalud.com.co\/index.php\/distribucion-mayorista\/","title":{"rendered":"Distribuci\u00f3n mayorista"},"content":{"rendered":"<p>[et_pb_section fb_built=&#8221;1&#8243; theme_builder_area=&#8221;post_content&#8221; _builder_version=&#8221;4.27.4&#8243; _module_preset=&#8221;default&#8221; title_text=&#8221;Banner-Distribucion-Ensalud&#8221; background_image=&#8221;https:\/\/www.prueba.ensalud.com.co\/wp-content\/uploads\/2025\/03\/Banner-Distribucion-Ensalud.png&#8221; custom_padding=&#8221;190px||190px||true|false&#8221; hover_enabled=&#8221;0&#8243; sticky_enabled=&#8221;0&#8243;][et_pb_row _builder_version=&#8221;4.27.4&#8243; _module_preset=&#8221;default&#8221; theme_builder_area=&#8221;post_content&#8221;][et_pb_column _builder_version=&#8221;4.27.4&#8243; _module_preset=&#8221;default&#8221; type=&#8221;4_4&#8243; theme_builder_area=&#8221;post_content&#8221;][et_pb_text _builder_version=&#8221;4.27.4&#8243; _module_preset=&#8221;default&#8221; theme_builder_area=&#8221;post_content&#8221; hover_enabled=&#8221;0&#8243; sticky_enabled=&#8221;0&#8243; header_2_font=&#8221;|600|||||||&#8221; header_2_text_align=&#8221;center&#8221; header_2_text_color=&#8221;#FFFFFF&#8221; header_2_font_size=&#8221;40px&#8221; header_2_text_shadow_style=&#8221;preset1&#8243;]<\/p>\n<section class=\"elementor-section elementor-top-section elementor-element elementor-element-f7a71da elementor-section-height-min-height elementor-section-boxed elementor-section-height-default elementor-section-items-middle\" data-id=\"f7a71da\" data-element_type=\"section\" data-settings=\"{&quot;background_background&quot;:&quot;classic&quot;}\">\n<div class=\"elementor-container elementor-column-gap-default\">\n<div class=\"elementor-column elementor-col-100 elementor-top-column elementor-element elementor-element-ca7f7ab\" data-id=\"ca7f7ab\" data-element_type=\"column\">\n<div class=\"elementor-widget-wrap elementor-element-populated\">\n<div class=\"elementor-element elementor-element-78526e8 elementor-widget elementor-widget-heading\" data-id=\"78526e8\" data-element_type=\"widget\" data-widget_type=\"heading.default\">\n<div class=\"elementor-widget-container\">\n<h2 class=\"elementor-heading-title elementor-size-default\">DISTRIBUCI\u00d3N MAYORISTA<\/h2>\n<\/div>\n<\/div>\n<\/div>\n<\/div>\n<\/div>\n<\/section>\n<section class=\"elementor-section elementor-top-section elementor-element elementor-element-bb73e09 elementor-section-boxed elementor-section-height-default elementor-section-height-default\" data-id=\"bb73e09\" data-element_type=\"section\">\n<div class=\"elementor-container elementor-column-gap-default\">\n<div class=\"elementor-column elementor-col-100 elementor-top-column elementor-element elementor-element-29156da\" data-id=\"29156da\" data-element_type=\"column\">\n<div class=\"elementor-widget-wrap elementor-element-populated\">\n<section class=\"elementor-section elementor-inner-section elementor-element elementor-element-ce9ee76 elementor-section-boxed elementor-section-height-default elementor-section-height-default\" data-id=\"ce9ee76\" data-element_type=\"section\">\n<div class=\"elementor-container elementor-column-gap-default\">\n<div class=\"elementor-column elementor-col-100 elementor-inner-column elementor-element elementor-element-29c9636\" data-id=\"29c9636\" data-element_type=\"column\">\n<div class=\"elementor-widget-wrap elementor-element-populated\">\n<div class=\"elementor-element elementor-element-9739cee elementor-widget elementor-widget-text-editor\" data-id=\"9739cee\" data-element_type=\"widget\" data-widget_type=\"text-editor.default\">\n<div class=\"elementor-widget-container\"><\/div>\n<\/div>\n<\/div>\n<\/div>\n<\/div>\n<\/section>\n<\/div>\n<\/div>\n<\/div>\n<\/section>\n<p>[\/et_pb_text][\/et_pb_column][\/et_pb_row][\/et_pb_section][et_pb_section fb_built=&#8221;1&#8243; theme_builder_area=&#8221;post_content&#8221; _builder_version=&#8221;4.27.4&#8243; _module_preset=&#8221;default&#8221; custom_padding=&#8221;20px||20px||true|false&#8221; inner_shadow=&#8221;on&#8221; hover_enabled=&#8221;0&#8243; sticky_enabled=&#8221;0&#8243;][et_pb_row _builder_version=&#8221;4.27.4&#8243; _module_preset=&#8221;default&#8221; theme_builder_area=&#8221;post_content&#8221;][et_pb_column _builder_version=&#8221;4.27.4&#8243; _module_preset=&#8221;default&#8221; type=&#8221;4_4&#8243; theme_builder_area=&#8221;post_content&#8221;][et_pb_text _builder_version=&#8221;4.27.4&#8243; _module_preset=&#8221;default&#8221; theme_builder_area=&#8221;post_content&#8221; text_orientation=&#8221;center&#8221; text_font=&#8221;||||||||&#8221; text_font_size=&#8221;17px&#8221; hover_enabled=&#8221;0&#8243; sticky_enabled=&#8221;0&#8243;]<\/p>\n<section class=\"elementor-section elementor-top-section elementor-element elementor-element-bb73e09 elementor-section-boxed elementor-section-height-default elementor-section-height-default\" data-id=\"bb73e09\" data-element_type=\"section\">\n<div class=\"elementor-container elementor-column-gap-default\">\n<div class=\"elementor-column elementor-col-100 elementor-top-column elementor-element elementor-element-29156da\" data-id=\"29156da\" data-element_type=\"column\">\n<div class=\"elementor-widget-wrap elementor-element-populated\">\n<section class=\"elementor-section elementor-inner-section elementor-element elementor-element-ce9ee76 elementor-section-boxed elementor-section-height-default elementor-section-height-default\" data-id=\"ce9ee76\" data-element_type=\"section\">\n<div class=\"elementor-container elementor-column-gap-default\">\n<div class=\"elementor-column elementor-col-100 elementor-inner-column elementor-element elementor-element-29c9636\" data-id=\"29c9636\" data-element_type=\"column\">\n<div class=\"elementor-widget-wrap elementor-element-populated\">\n<div class=\"elementor-element elementor-element-9739cee elementor-widget elementor-widget-text-editor\" data-id=\"9739cee\" data-element_type=\"widget\" data-widget_type=\"text-editor.default\">\n<div class=\"elementor-widget-container\">\n<p>Ensalud es una empresa especializada en la distribuci\u00f3n mayorista de medicamentos y dispositivos m\u00e9dicos.<br \/>Nos comprometemos en prestar un servicio de excelencia, de forma simplificada, eficiente y oportuna a las instituciones o empresas que depositan su confianza en nosotros.<br \/>Contamos con una oportunidad de entrega de 72 horas h\u00e1biles contados a partir de realizada la solicitud de pedido.<\/p>\n<\/div>\n<\/div>\n<\/div>\n<\/div>\n<\/div>\n<\/section>\n<\/div>\n<\/div>\n<\/div>\n<\/section>\n<section class=\"elementor-section elementor-top-section elementor-element elementor-element-dc21661 elementor-section-boxed elementor-section-height-default elementor-section-height-default\" data-id=\"dc21661\" data-element_type=\"section\">\n<div class=\"elementor-container elementor-column-gap-default\">\n<div class=\"elementor-column elementor-col-100 elementor-top-column elementor-element elementor-element-456acba\" data-id=\"456acba\" data-element_type=\"column\">\n<div class=\"elementor-widget-wrap elementor-element-populated\">\n<section class=\"elementor-section elementor-inner-section elementor-element elementor-element-f3c1506 elementor-section-full_width elementor-hidden-tablet elementor-section-height-default elementor-section-height-default\" data-id=\"f3c1506\" data-element_type=\"section\">\n<div class=\"elementor-container elementor-column-gap-default\">\n<div class=\"elementor-column elementor-col-14 elementor-inner-column elementor-element elementor-element-6fe8763\" data-id=\"6fe8763\" data-element_type=\"column\">\n<div class=\"elementor-widget-wrap elementor-element-populated\">\n<div class=\"elementor-element elementor-element-5355066 elementor-view-framed elementor-shape-circle elementor-position-top elementor-mobile-position-top elementor-widget elementor-widget-icon-box\" data-id=\"5355066\" data-element_type=\"widget\" data-widget_type=\"icon-box.default\">\n<div class=\"elementor-widget-container\">\n<div class=\"elementor-icon-box-wrapper\">\n<div class=\"elementor-icon-box-content\"><\/div>\n<\/div>\n<\/div>\n<\/div>\n<\/div>\n<\/div>\n<\/div>\n<\/section>\n<\/div>\n<\/div>\n<\/div>\n<\/section>\n<p>[\/et_pb_text][\/et_pb_column][\/et_pb_row][et_pb_row _builder_version=&#8221;4.27.4&#8243; _module_preset=&#8221;default&#8221; column_structure=&#8221;1_4,1_4,1_4,1_4&#8243; theme_builder_area=&#8221;post_content&#8221; hover_enabled=&#8221;0&#8243; sticky_enabled=&#8221;0&#8243;][et_pb_column _builder_version=&#8221;4.27.4&#8243; _module_preset=&#8221;default&#8221; type=&#8221;1_4&#8243; theme_builder_area=&#8221;post_content&#8221;][et_pb_blurb title=&#8221;Medicamentos PBS, NO PBS y de control especial&#8221; _builder_version=&#8221;4.27.4&#8243; _module_preset=&#8221;default&#8221; theme_builder_area=&#8221;post_content&#8221; use_icon=&#8221;on&#8221; font_icon=&#8221;&#xf481;||fa||900&#8243; icon_color=&#8221;#4ABDCF&#8221; header_text_align=&#8221;center&#8221; header_text_color=&#8221;#0D738C&#8221; header_font=&#8221;|600|||||||&#8221; header_font_size=&#8221;16px&#8221; image_icon_width=&#8221;70px&#8221; hover_enabled=&#8221;0&#8243; sticky_enabled=&#8221;0&#8243; border_color_all_image=&#8221;#4ABDCF&#8221;][\/et_pb_blurb][\/et_pb_column][et_pb_column _builder_version=&#8221;4.27.4&#8243; _module_preset=&#8221;default&#8221; type=&#8221;1_4&#8243; theme_builder_area=&#8221;post_content&#8221;][et_pb_blurb title=&#8221;Equipos m\u00e9dico-quir\u00fargicos y biom\u00e9dicos&#8221; _builder_version=&#8221;4.27.4&#8243; _module_preset=&#8221;default&#8221; theme_builder_area=&#8221;post_content&#8221; use_icon=&#8221;on&#8221; font_icon=&#8221;&#xf0f0;||fa||900&#8243; icon_color=&#8221;#4ABDCF&#8221; header_text_align=&#8221;center&#8221; header_text_color=&#8221;#0D738C&#8221; header_font=&#8221;|600|||||||&#8221; header_font_size=&#8221;16px&#8221; image_icon_width=&#8221;70px&#8221; hover_enabled=&#8221;0&#8243; sticky_enabled=&#8221;0&#8243;][\/et_pb_blurb][\/et_pb_column][et_pb_column _builder_version=&#8221;4.27.4&#8243; _module_preset=&#8221;default&#8221; type=&#8221;1_4&#8243; theme_builder_area=&#8221;post_content&#8221;][et_pb_blurb title=&#8221;Stocks en todas las \u00e9pocas del a\u00f1o&#8221; _builder_version=&#8221;4.27.4&#8243; _module_preset=&#8221;default&#8221; theme_builder_area=&#8221;post_content&#8221; use_icon=&#8221;on&#8221; font_icon=&#8221;&#xf468;||fa||900&#8243; icon_color=&#8221;#4ABDCF&#8221; header_text_align=&#8221;center&#8221; header_text_color=&#8221;#0D738C&#8221; header_font=&#8221;|600|||||||&#8221; header_font_size=&#8221;16px&#8221; image_icon_width=&#8221;70px&#8221; hover_enabled=&#8221;0&#8243; sticky_enabled=&#8221;0&#8243;][\/et_pb_blurb][\/et_pb_column][et_pb_column _builder_version=&#8221;4.27.4&#8243; _module_preset=&#8221;default&#8221; type=&#8221;1_4&#8243; theme_builder_area=&#8221;post_content&#8221;][et_pb_blurb title=&#8221;Almacenamiento y transporte seguro&#8221; _builder_version=&#8221;4.27.4&#8243; _module_preset=&#8221;default&#8221; theme_builder_area=&#8221;post_content&#8221; use_icon=&#8221;on&#8221; font_icon=&#8221;&#xf472;||fa||900&#8243; icon_color=&#8221;#4ABDCF&#8221; header_text_align=&#8221;center&#8221; header_text_color=&#8221;#0D738C&#8221; header_font=&#8221;|600|||||||&#8221; header_font_size=&#8221;16px&#8221; image_icon_width=&#8221;70px&#8221; hover_enabled=&#8221;0&#8243; sticky_enabled=&#8221;0&#8243; image_icon_custom_padding__hover_enabled=&#8221;off|desktop&#8221; image_icon_background_color=&#8221;RGBA(255,255,255,0)&#8221;][\/et_pb_blurb][\/et_pb_column][\/et_pb_row][et_pb_row _builder_version=&#8221;4.27.4&#8243; _module_preset=&#8221;default&#8221; column_structure=&#8221;1_3,1_3,1_3&#8243; theme_builder_area=&#8221;post_content&#8221; hover_enabled=&#8221;0&#8243; sticky_enabled=&#8221;0&#8243;][et_pb_column _builder_version=&#8221;4.27.4&#8243; _module_preset=&#8221;default&#8221; type=&#8221;1_3&#8243; theme_builder_area=&#8221;post_content&#8221;][et_pb_blurb title=&#8221;Compramos al productor, sin intermediario&#8221; _builder_version=&#8221;4.27.4&#8243; _module_preset=&#8221;default&#8221; theme_builder_area=&#8221;post_content&#8221; use_icon=&#8221;on&#8221; font_icon=&#8221;&#xe015;||divi||400&#8243; icon_color=&#8221;#4ABDCF&#8221; header_text_align=&#8221;center&#8221; header_text_color=&#8221;#0D738C&#8221; header_font=&#8221;|600|||||||&#8221; header_font_size=&#8221;16px&#8221; image_icon_width=&#8221;70px&#8221; hover_enabled=&#8221;0&#8243; sticky_enabled=&#8221;0&#8243;][\/et_pb_blurb][\/et_pb_column][et_pb_column _builder_version=&#8221;4.27.4&#8243; _module_preset=&#8221;default&#8221; type=&#8221;1_3&#8243; theme_builder_area=&#8221;post_content&#8221;][et_pb_blurb title=&#8221;Log\u00edstica r\u00e1pida para entregas a tiempo&#8221; _builder_version=&#8221;4.27.4&#8243; _module_preset=&#8221;default&#8221; theme_builder_area=&#8221;post_content&#8221; use_icon=&#8221;on&#8221; font_icon=&#8221;&#xf48b;||fa||900&#8243; icon_color=&#8221;#4ABDCF&#8221; header_text_align=&#8221;center&#8221; header_text_color=&#8221;#0D738C&#8221; header_font=&#8221;|600|||||||&#8221; header_font_size=&#8221;16px&#8221; image_icon_width=&#8221;70px&#8221; hover_enabled=&#8221;0&#8243; sticky_enabled=&#8221;0&#8243;][\/et_pb_blurb][\/et_pb_column][et_pb_column _builder_version=&#8221;4.27.4&#8243; _module_preset=&#8221;default&#8221; type=&#8221;1_3&#8243; theme_builder_area=&#8221;post_content&#8221;][et_pb_blurb title=&#8221;Asesor\u00eda, orientaci\u00f3n y acompa\u00f1amiento permanente&#8221; _builder_version=&#8221;4.27.4&#8243; _module_preset=&#8221;default&#8221; theme_builder_area=&#8221;post_content&#8221; use_icon=&#8221;on&#8221; font_icon=&#8221;&#xf590;||fa||900&#8243; icon_color=&#8221;#4ABDCF&#8221; header_text_align=&#8221;center&#8221; header_text_color=&#8221;#0D738C&#8221; header_font=&#8221;|600|||||||&#8221; header_font_size=&#8221;16px&#8221; image_icon_width=&#8221;70px&#8221; hover_enabled=&#8221;0&#8243; sticky_enabled=&#8221;0&#8243;][\/et_pb_blurb][\/et_pb_column][\/et_pb_row][\/et_pb_section][et_pb_section fb_built=&#8221;1&#8243; _builder_version=&#8221;4.27.4&#8243; _module_preset=&#8221;default&#8221; background_color=&#8221;#4DB1E2&#8243; custom_padding=&#8221;15px||15px||true|false&#8221; border_color_top=&#8221;#FFFFFF&#8221; global_colors_info=&#8221;{}&#8221; global_module=&#8221;2440&#8243; theme_builder_area=&#8221;post_content&#8221;][et_pb_row column_structure=&#8221;1_3,1_3,1_3&#8243; _builder_version=&#8221;4.27.4&#8243; _module_preset=&#8221;default&#8221; custom_padding=&#8221;||0px|||&#8221; global_colors_info=&#8221;{}&#8221; theme_builder_area=&#8221;post_content&#8221;][et_pb_column type=&#8221;1_3&#8243; _builder_version=&#8221;4.27.4&#8243; _module_preset=&#8221;default&#8221; global_colors_info=&#8221;{}&#8221; theme_builder_area=&#8221;post_content&#8221;][et_pb_image src=&#8221;https:\/\/www.prueba.ensalud.com.co\/wp-content\/uploads\/2025\/03\/ensalud_logo_footer.png&#8221; title_text=&#8221;ensalud_logo_footer&#8221; align=&#8221;center&#8221; _builder_version=&#8221;4.27.4&#8243; _module_preset=&#8221;default&#8221; width=&#8221;35%&#8221; module_alignment=&#8221;center&#8221; custom_margin=&#8221;||8px|||&#8221; global_colors_info=&#8221;{}&#8221; theme_builder_area=&#8221;post_content&#8221;][\/et_pb_image][et_pb_text _builder_version=&#8221;4.27.4&#8243; _module_preset=&#8221;default&#8221; text_font=&#8221;|300|||||||&#8221; text_text_color=&#8221;#FFFFFF&#8221; text_font_size=&#8221;15px&#8221; text_line_height=&#8221;1.3em&#8221; text_orientation=&#8221;center&#8221; global_colors_info=&#8221;{}&#8221; theme_builder_area=&#8221;post_content&#8221;]<\/p>\n<p><span>Estamos comprometidos con el cuidado del bien m\u00e1s preciado, tu salud.<\/span><\/p>\n<p>[\/et_pb_text][\/et_pb_column][et_pb_column type=&#8221;1_3&#8243; _builder_version=&#8221;4.27.4&#8243; _module_preset=&#8221;default&#8221; global_colors_info=&#8221;{}&#8221; theme_builder_area=&#8221;post_content&#8221;][et_pb_text _builder_version=&#8221;4.27.4&#8243; _module_preset=&#8221;default&#8221; text_font=&#8221;|300|||||||&#8221; text_text_color=&#8221;#FFFFFF&#8221; text_font_size=&#8221;15px&#8221; text_line_height=&#8221;1.3em&#8221; header_text_color=&#8221;#FFFFFF&#8221; header_2_font=&#8221;|600|||||||&#8221; header_2_font_size=&#8221;18px&#8221; header_4_font=&#8221;|600|||||||&#8221; header_4_text_align=&#8221;center&#8221; header_4_text_color=&#8221;#FFFFFF&#8221; text_orientation=&#8221;center&#8221; custom_margin=&#8221;6px||5px|||&#8221; global_colors_info=&#8221;{}&#8221; theme_builder_area=&#8221;post_content&#8221;]<\/p>\n<h4 class=\"elementor-heading-title elementor-size-default\">Enlaces de inter\u00e9s<\/h4>\n<p>[\/et_pb_text][et_pb_text _builder_version=&#8221;4.27.4&#8243; _module_preset=&#8221;default&#8221; text_font=&#8221;|300|||||||&#8221; text_text_color=&#8221;#FFFFFF&#8221; text_orientation=&#8221;center&#8221; global_colors_info=&#8221;{}&#8221; theme_builder_area=&#8221;post_content&#8221;]<\/p>\n<p><span class=\"elementor-icon-list-text\">Pol\u00edtica de tratamiento de datos personales<br \/><\/span><span class=\"elementor-icon-list-text\">Estados financieros<br \/><\/span><span class=\"elementor-icon-list-text\">Farmacovigilancia<br \/><\/span><span class=\"elementor-icon-list-text\">Portafolio de servicios<\/span><\/p>\n<p><span class=\"elementor-icon-list-text\"><br \/><\/span><span class=\"elementor-icon-list-text\"><\/span><\/p>\n<p>[\/et_pb_text][et_pb_text _builder_version=&#8221;4.27.4&#8243; _module_preset=&#8221;default&#8221; header_3_font=&#8221;|300|||||||&#8221; header_3_text_align=&#8221;center&#8221; header_3_text_color=&#8221;#FFFFFF&#8221; header_3_font_size=&#8221;13px&#8221; global_colors_info=&#8221;{}&#8221; theme_builder_area=&#8221;post_content&#8221;]<\/p>\n<h3 class=\"elementor-image-box-title\">Todos los derechos reservados, Ensalud \u00a9 2021<\/h3>\n<p>[\/et_pb_text][\/et_pb_column][et_pb_column type=&#8221;1_3&#8243; _builder_version=&#8221;4.27.4&#8243; _module_preset=&#8221;default&#8221; global_colors_info=&#8221;{}&#8221; theme_builder_area=&#8221;post_content&#8221;][et_pb_text _builder_version=&#8221;4.27.4&#8243; _module_preset=&#8221;default&#8221; text_font=&#8221;|300|||||||&#8221; text_text_color=&#8221;#FFFFFF&#8221; text_font_size=&#8221;15px&#8221; text_line_height=&#8221;1.3em&#8221; header_text_color=&#8221;#FFFFFF&#8221; header_2_font=&#8221;|600|||||||&#8221; header_2_font_size=&#8221;18px&#8221; header_4_font=&#8221;|600|||||||&#8221; header_4_text_align=&#8221;center&#8221; header_4_text_color=&#8221;#FFFFFF&#8221; text_orientation=&#8221;center&#8221; custom_margin=&#8221;6px||5px|||&#8221; global_colors_info=&#8221;{}&#8221; theme_builder_area=&#8221;post_content&#8221;]<\/p>\n<h4 class=\"elementor-heading-title elementor-size-default\">Contacto<\/h4>\n<p>[\/et_pb_text][et_pb_text _builder_version=&#8221;4.27.4&#8243; _module_preset=&#8221;default&#8221; text_font=&#8221;|300|||||||&#8221; text_text_color=&#8221;#FFFFFF&#8221; text_orientation=&#8221;center&#8221; global_colors_info=&#8221;{}&#8221; theme_builder_area=&#8221;post_content&#8221;]<\/p>\n<p><span class=\"elementor-icon-list-text\">Sede Principal: Calle 5 # 39 &#8211; 50<br \/><\/span><span class=\"elementor-icon-list-text\">(2) 387 6270<br \/><\/span>servicioalcliente@ensalud.com.co<\/p>\n<p><span class=\"elementor-icon-list-text\"><br \/><\/span><span class=\"elementor-icon-list-text\"><\/span><\/p>\n<p>[\/et_pb_text][\/et_pb_column][\/et_pb_row][\/et_pb_section]<\/p>\n","protected":false},"excerpt":{"rendered":"<p>DISTRIBUCI\u00d3N MAYORISTA Ensalud es una empresa especializada en la distribuci\u00f3n mayorista de medicamentos y dispositivos m\u00e9dicos.Nos comprometemos en prestar un servicio de excelencia, de forma simplificada, eficiente y oportuna a las instituciones o empresas que depositan su confianza en nosotros.Contamos con una oportunidad de entrega de 72 horas h\u00e1biles contados a partir de realizada la [&hellip;]<\/p>\n","protected":false},"author":1,"featured_media":0,"parent":0,"menu_order":0,"comment_status":"closed","ping_status":"closed","template":"","meta":{"_et_pb_use_builder":"on","_et_pb_old_content":"<!-- Contenido del banner -->\n    <h1 style=\"font-size: 48px; font-weight: bold; color: white; text-shadow: 2px 2px 10px rgba(0, 0, 0, 0.7); margin: 0;\">\n        DISTRIBUCI\u00d3N MAYORISTA\n    <\/h1>\n    Ensalud es una empresa especializada en la distribuci\u00f3n mayorista de medicamentos y dispositivos m\u00e9dicos.\nNos comprometemos en prestar un servicio de excelencia, de forma simplificada, eficiente y oportuna a las instituciones o empresas que depositan su confianza en nosotros.\nContamos con una oportunidad de entrega de 72 horas h\u00e1biles contados a partir de realizada la solicitud de pedido.\n  <!-- Icono de medicamentos -->\n     <!-- Icono de medicamentos -->\n  <!-- Texto -->\n    Medicamentos PBS, NO PBS y de control especialS\n  <!-- Icono de medicamentos -->\n     <!-- Icono de medicamentos -->\n  <!-- Texto -->\n    Equipos m\u00e9dico-quir\u00fargicos y biom\u00e9dicos.\n  <!-- Icono de medicamentos -->\n     <!-- Icono de medicamentos -->\n  <!-- Texto -->\n    Stocks en todas las \u00e9pocas del a\u00f1o\n  <!-- Icono de medicamentos -->\n     <!-- Icono de medicamentos -->\n  <!-- Texto -->\n    Almacenamiento y transporte seguro\n  <!-- Icono de medicamentos -->\n     <!-- Icono de medicamentos -->\n  <!-- Texto -->\n    Compramos al productor, sin intermediarioS\n  <!-- Icono de medicamentos -->\n     <!-- Icono de medicamentos -->\n  <!-- Texto -->\n    Log\u00edstica r\u00e1pida para entregas a tiempo\n  <!-- Icono de medicamentos -->\n     <!-- Icono de medicamentos -->\n  <!-- Texto -->\n    Asesor\u00eda, orientaci\u00f3n y acompa\u00f1amiento permanente\n  <!-- Icono como cabecera -->\n    <img src=\"http:\/\/www.ensalud.com.co\/wp-content\/uploads\/2025\/02\/ensaludblanco.png\" alt=\"Icono\" style=\"width: 150px; height: 50px;\">\n  <!-- Leyenda con texto blanco -->\n    Estamos comprometidos con el cuidado del bien<br \/> m\u00e1s preciado, tu salud!\n  <!-- T\u00edtulo -->\n    Enlaces de inter\u00e9s\n  <!-- Enlaces -->\n    <ul style=\"list-style: none; padding: 0;\">\n      <li><a href=\"http:\/\/www.ensalud.com.co\/index.php\/politica\/\" style=\"color: white; text-decoration: none;\">Pol\u00edtica de Tratamiento de Datos Personales<\/a><\/li>\n      <li><a href=\"http:\/\/www.ensalud.com.co\/index.php\/estados\/\" style=\"color: white; text-decoration: none;\">Estados Financieros<\/a><\/li>\n      <li><a href=\"#\" style=\"color: white; text-decoration: none;\">Farmacovigilancia<\/a><\/li>\n      <li><a href=\"#\" style=\"color: white; text-decoration: none;\">Portafolio de Servicios<\/a><\/li>\n      <li><a href=\"https:\/\/desqubrapp.com.co\/denuncias\/responder_denuncias\/144\" style=\"color: white; text-decoration: none;\">Responder formulario de denuncias<\/a><\/li>\n      <li><a href=\"https:\/\/desqubrapp.com.co\/consulta_denuncia\" style=\"color: white; text-decoration: none;\">Consultar Estado de las denuncias<\/a><\/li>\n    <\/ul>\n  <!-- T\u00edtulo -->\n    Contacto \n  <!-- Enlaces -->\n    <ul style=\"list-style: none; padding: 0;\">\n      <!-- Hiperv\u00ednculo de la sede principal -->\n      <li><a href=\"https:\/\/www.google.com\/maps?q=Calle+5+%2339+-+50\" style=\"color: white; text-decoration: none;\">Sede principal: Calle 5 # 39 - 50<\/a><\/li>\n      <!-- Tel\u00e9fono sin hiperv\u00ednculo -->\n      <li style=\"color: white;\">Telf: (2) 3876270<\/li>\n      <!-- Hiperv\u00ednculo de email que abre Outlook -->\n      <li><a href=\"mailto:servicioalcliente@ensalud.com.co\" style=\"color: white; text-decoration: none;\">Email: servicioalcliente@ensalud.com.co<\/a><\/li>\n    <\/ul>\n    <p>Todos los derechos reservados, Ensalud\u00a9 2021\n    Desarrollado por: \n        <a href=\"https:\/\/jhamfgroup.net\/\" target=\"_blank\" style=\"text-decoration: none; color: #fff;\">\n            Jhamf Group SAS\n        <\/a>\n    <\/p>","_et_gb_content_width":"1080","footnotes":""},"class_list":["post-197","page","type-page","status-publish","hentry"],"_links":{"self":[{"href":"https:\/\/www.prueba.ensalud.com.co\/index.php\/wp-json\/wp\/v2\/pages\/197","targetHints":{"allow":["GET"]}}],"collection":[{"href":"https:\/\/www.prueba.ensalud.com.co\/index.php\/wp-json\/wp\/v2\/pages"}],"about":[{"href":"https:\/\/www.prueba.ensalud.com.co\/index.php\/wp-json\/wp\/v2\/types\/page"}],"author":[{"embeddable":true,"href":"https:\/\/www.prueba.ensalud.com.co\/index.php\/wp-json\/wp\/v2\/users\/1"}],"replies":[{"embeddable":true,"href":"https:\/\/www.prueba.ensalud.com.co\/index.php\/wp-json\/wp\/v2\/comments?post=197"}],"version-history":[{"count":34,"href":"https:\/\/www.prueba.ensalud.com.co\/index.php\/wp-json\/wp\/v2\/pages\/197\/revisions"}],"predecessor-version":[{"id":2459,"href":"https:\/\/www.prueba.ensalud.com.co\/index.php\/wp-json\/wp\/v2\/pages\/197\/revisions\/2459"}],"wp:attachment":[{"href":"https:\/\/www.prueba.ensalud.com.co\/index.php\/wp-json\/wp\/v2\/media?parent=197"}],"curies":[{"name":"wp","href":"https:\/\/api.w.org\/{rel}","templated":true}]}}